{"id":1257,"date":"2020-09-06T21:29:23","date_gmt":"2020-09-07T04:29:23","guid":{"rendered":"https:\/\/missionkidssf.org\/?page_id=1257"},"modified":"2024-06-25T15:23:22","modified_gmt":"2024-06-25T22:23:22","slug":"politica-no-discriminatoria","status":"publish","type":"page","link":"https:\/\/missionkidssf.org\/es\/politica-no-discriminatoria\/","title":{"rendered":"Pol\u00edtica  de no Discriminaci\u00f3n"},"content":{"rendered":"\n<p>Mission Kids Co-op admite a estudiantes de cualquier raza, color, origen nacional y \u00e9tnico a todos los derechos, privilegios, programas y actividades generalmente acordados o puestos a disposici\u00f3n de los estudiantes de la escuela. No discrimina por motivos de raza, color, origen nacional o \u00e9tnico en la administraci\u00f3n de sus pol\u00edticas educativas, pol\u00edticas de admisi\u00f3n, programas de becas y pr\u00e9stamos y otros programas administrados por la escuela.<\/p>\n","protected":false},"excerpt":{"rendered":"<p>Mission Kids Co-op admite a estudiantes de cualquier raza, color, origen nacional y \u00e9tnico a todos los derechos, privilegios, programas y actividades generalmente acordados o puestos a disposici\u00f3n de los estudiantes de la escuela. No &#8230;<\/p>\n","protected":false},"author":1,"featured_media":0,"parent":0,"menu_order":0,"comment_status":"closed","ping_status":"closed","template":"","meta":{"_acf_changed":false,"footnotes":""},"class_list":["post-1257","page","type-page","status-publish","hentry"],"acf":[],"aioseo_notices":[],"_links":{"self":[{"href":"https:\/\/missionkidssf.org\/es\/wp-json\/wp\/v2\/pages\/1257","targetHints":{"allow":["GET"]}}],"collection":[{"href":"https:\/\/missionkidssf.org\/es\/wp-json\/wp\/v2\/pages"}],"about":[{"href":"https:\/\/missionkidssf.org\/es\/wp-json\/wp\/v2\/types\/page"}],"author":[{"embeddable":true,"href":"https:\/\/missionkidssf.org\/es\/wp-json\/wp\/v2\/users\/1"}],"replies":[{"embeddable":true,"href":"https:\/\/missionkidssf.org\/es\/wp-json\/wp\/v2\/comments?post=1257"}],"version-history":[{"count":2,"href":"https:\/\/missionkidssf.org\/es\/wp-json\/wp\/v2\/pages\/1257\/revisions"}],"predecessor-version":[{"id":3030,"href":"https:\/\/missionkidssf.org\/es\/wp-json\/wp\/v2\/pages\/1257\/revisions\/3030"}],"wp:attachment":[{"href":"https:\/\/missionkidssf.org\/es\/wp-json\/wp\/v2\/media?parent=1257"}],"curies":[{"name":"wp","href":"https:\/\/api.w.org\/{rel}","templated":true}]}}