{"id":1372,"date":"2021-02-26T05:06:53","date_gmt":"2021-02-26T13:06:53","guid":{"rendered":"https:\/\/missionkidssf.org\/?page_id=1372"},"modified":"2025-08-03T03:11:26","modified_gmt":"2025-08-03T10:11:26","slug":"board-of-directors","status":"publish","type":"page","link":"https:\/\/missionkidssf.org\/es\/acerca-de-mission-kids\/board-of-directors\/","title":{"rendered":"La Junta Directiva"},"content":{"rendered":"\n<div class=\"wp-block-media-text alignwide is-vertically-aligned-top\" style=\"grid-template-columns:16% auto\"><figure class=\"wp-block-media-text__media\"><img loading=\"lazy\" decoding=\"async\" width=\"1024\" height=\"1024\" src=\"https:\/\/missionkidssf.org\/wp-content\/uploads\/2023\/10\/Monique-1024x1024.jpg\" alt=\"\" class=\"wp-image-2890 size-medium\" srcset=\"https:\/\/missionkidssf.org\/wp-content\/uploads\/2023\/10\/Monique-1024x1024.jpg 1024w, https:\/\/missionkidssf.org\/wp-content\/uploads\/2023\/10\/Monique-300x300.jpg 300w, https:\/\/missionkidssf.org\/wp-content\/uploads\/2023\/10\/Monique-150x150.jpg 150w, https:\/\/missionkidssf.org\/wp-content\/uploads\/2023\/10\/Monique-768x768.jpg 768w, https:\/\/missionkidssf.org\/wp-content\/uploads\/2023\/10\/Monique-1536x1536.jpg 1536w, https:\/\/missionkidssf.org\/wp-content\/uploads\/2023\/10\/Monique-2048x2048.jpg 2048w\" sizes=\"auto, (max-width: 1024px) 100vw, 1024px\" \/><\/figure><div class=\"wp-block-media-text__content\">\n<p class=\"has-black-color has-text-color\"><strong>Monique Col\u00f3n, Presidenta de la Junta<\/strong><\/p>\n\n\n\n<p>Monique se uni\u00f3 a la junta de Mission Kids como Presidenta de Admisiones en agosto de 2023, despu\u00e9s de servir en el equipo de Admisiones durante 2 a\u00f1os, y recientemente fue elegida para servir como Presidenta de la Junta para el a\u00f1o escolar actual.Profesionalmente, Monique es la Directora de Contratos del Departamento de Personas sin Hogar y Viviendas de Apoyo de la Ciudad y el Condado de San Francisco, donde supervisa una cartera de contratos con m\u00e1s de 60 organizaciones sin fin de lucro y un presupuesto anual que asciende a m\u00e1s de 500 millones de d\u00f3lares. Es licenciada en Econom\u00eda por la Universidad de California Santa Cruz y tiene un m\u00e1ster en Administraci\u00f3n P\u00fablica por la Universidad Golden Gate. Monique y su esposo son los orgullosos padres de dos hijos, un actual Mission Kid y un antiguo alumno.<\/p>\n<\/div><\/div>\n\n\n\n<div class=\"wp-block-media-text alignwide is-vertically-aligned-top\" style=\"grid-template-columns:17% auto\"><figure class=\"wp-block-media-text__media\"><img loading=\"lazy\" decoding=\"async\" width=\"250\" height=\"300\" src=\"https:\/\/missionkidssf.org\/wp-content\/uploads\/2020\/10\/Christina-Maluenda.jpg\" alt=\"\" class=\"wp-image-150 size-full\"\/><\/figure><div class=\"wp-block-media-text__content\">\n<p><strong>Christina Maluenda, Co-Presidentas<\/strong><\/p>\n\n\n\n<p>Christina Maluenda (ella\/ella) es una de las codirectoras\/maestras fundadoras de Mission Kids y ha trabajado en la educaci\u00f3n de la primera infancia durante m\u00e1s de 25 a\u00f1os. Fue la fundadora y directora de Imagine Preschool, que se uni\u00f3 con Mission Kids para convertirse en un centro de cuidado infantil con licencia en 2009.<\/p>\n\n\n\n<p>Antes de su tiempo en Imagine, Christina se desempe\u00f1\u00f3 como directora de Partners in Autism Treatment, una agencia sin fines de lucro que atiende a ni\u00f1os peque\u00f1os en el espectro del autismo. Como directora, se centr\u00f3 en integrar a los ni\u00f1os con autismo en entornos preescolares. Christina tiene una Licenciatura en Ciencias en Psicolog\u00eda y Neurociencia de la Universidad de Duke y una Maestr\u00eda en Ciencias en Desarrollo Infantil de la Universidad de California Davis. Christina es educadora biling\u00fce en espa\u00f1ol, observadora certificada de CLASS y miembro capacitada del programa NERT de San Francisco. Christina tambi\u00e9n tiene un Permiso de Directora del Programa de Desarrollo Infantil de la Comisi\u00f3n de Acreditaci\u00f3n de Maestros de California. Ha sido miembro de la junta directiva de Mission Kids desde 2011 y es madre de dos ex alumnos de Mission Kids.<\/p>\n<\/div><\/div>\n\n\n\n<div class=\"wp-block-media-text alignwide is-vertically-aligned-top\" style=\"grid-template-columns:17% auto\"><figure class=\"wp-block-media-text__media\"><img loading=\"lazy\" decoding=\"async\" width=\"1000\" height=\"1000\" src=\"https:\/\/missionkidssf.org\/wp-content\/uploads\/2020\/10\/MK_Staff_210301_07.jpg\" alt=\"\" class=\"wp-image-1436 size-full\" srcset=\"https:\/\/missionkidssf.org\/wp-content\/uploads\/2020\/10\/MK_Staff_210301_07.jpg 1000w, https:\/\/missionkidssf.org\/wp-content\/uploads\/2020\/10\/MK_Staff_210301_07-300x300.jpg 300w, https:\/\/missionkidssf.org\/wp-content\/uploads\/2020\/10\/MK_Staff_210301_07-150x150.jpg 150w, https:\/\/missionkidssf.org\/wp-content\/uploads\/2020\/10\/MK_Staff_210301_07-768x768.jpg 768w\" sizes=\"auto, (max-width: 1000px) 100vw, 1000px\" \/><\/figure><div class=\"wp-block-media-text__content\">\n<p><strong>Heather Lubeck, Co-Presidentas<\/strong><\/p>\n\n\n\n<p>Heather Lubeck (ella\/ella) ha trabajado en Mission Kids como Co-Directora\/Profesora fundadora desde que la escuela obtuvo su licencia en 2009. Cuenta con m\u00e1s de 25 a\u00f1os de ense\u00f1anza, investigaci\u00f3n y experiencia administrativa en una variedad de entornos educativos y con estudiantes de una amplia diversidad de or\u00edgenes. Antes de trabajar en Mission Kids, trabaj\u00f3 durante 4 a\u00f1os como especialista en lectura elemental con el Departamento de Psicolog\u00eda de la Universidad Estatal de Georgia y ense\u00f1\u00f3 educaci\u00f3n especial elemental en un distrito escolar p\u00fablico en el \u00e1rea de Atlanta. En 2001, recibi\u00f3 el premio anual del Atlanta Journal &amp;amp; Constitution a la excelencia docente en el estado de Georgia. Tiene un m\u00e1ster en Educaci\u00f3n Especial por la Universidad Estatal de Georgia y una licenciatura en Psicolog\u00eda Educativa por la Universidad de Georgia. Heather tiene un permiso de Director de Programa de Desarrollo Infantil de la Comisi\u00f3n de Acreditaci\u00f3n de Maestros de California. Es la orgullosa madre de tres ex alumnos de Mission Kids.<\/p>\n\n\n\n<p><\/p>\n<\/div><\/div>\n\n\n\n<div class=\"wp-block-media-text alignwide is-vertically-aligned-top\" style=\"grid-template-columns:16% auto\"><figure class=\"wp-block-media-text__media\"><img loading=\"lazy\" decoding=\"async\" width=\"1024\" height=\"1024\" src=\"https:\/\/missionkidssf.org\/wp-content\/uploads\/2025\/08\/Emily-1024x1024.jpg\" alt=\"\" class=\"wp-image-3416 size-medium\" srcset=\"https:\/\/missionkidssf.org\/wp-content\/uploads\/2025\/08\/Emily-1024x1024.jpg 1024w, https:\/\/missionkidssf.org\/wp-content\/uploads\/2025\/08\/Emily-300x300.jpg 300w, https:\/\/missionkidssf.org\/wp-content\/uploads\/2025\/08\/Emily-150x150.jpg 150w, https:\/\/missionkidssf.org\/wp-content\/uploads\/2025\/08\/Emily-768x768.jpg 768w, https:\/\/missionkidssf.org\/wp-content\/uploads\/2025\/08\/Emily.jpg 1512w\" sizes=\"auto, (max-width: 1024px) 100vw, 1024px\" \/><\/figure><div class=\"wp-block-media-text__content\">\n<p class=\"has-black-color has-text-color\"><strong>Emily Villase\u00f1or Woodard, Vicepresidenta<\/strong><\/p>\n\n\n\n<p>Emily es Cient\u00edfica de Laboratorio Cl\u00ednico en el Hospital General de San Francisco. Apasionada de senderismo y camping, Emily creci\u00f3 en M\u00e9xico y en el \u00e1rea de la bah\u00eda de San Francisco. Es licenciada por la Universidad de California en Santa Cruz y madre de dos ni\u00f1os que actualmente asisten a Mission Kids.<\/p>\n<\/div><\/div>\n\n\n\n<div class=\"wp-block-media-text alignwide is-vertically-aligned-top\" style=\"grid-template-columns:16% auto\"><figure class=\"wp-block-media-text__media\"><img loading=\"lazy\" decoding=\"async\" width=\"1024\" height=\"1024\" src=\"https:\/\/missionkidssf.org\/wp-content\/uploads\/2024\/09\/Ryland-1024x1024.jpg\" alt=\"\" class=\"wp-image-3040 size-medium\" srcset=\"https:\/\/missionkidssf.org\/wp-content\/uploads\/2024\/09\/Ryland-1024x1024.jpg 1024w, https:\/\/missionkidssf.org\/wp-content\/uploads\/2024\/09\/Ryland-300x300.jpg 300w, https:\/\/missionkidssf.org\/wp-content\/uploads\/2024\/09\/Ryland-150x150.jpg 150w, https:\/\/missionkidssf.org\/wp-content\/uploads\/2024\/09\/Ryland-768x768.jpg 768w, https:\/\/missionkidssf.org\/wp-content\/uploads\/2024\/09\/Ryland-1536x1536.jpg 1536w, https:\/\/missionkidssf.org\/wp-content\/uploads\/2024\/09\/Ryland-2048x2048.jpg 2048w\" sizes=\"auto, (max-width: 1024px) 100vw, 1024px\" \/><\/figure><div class=\"wp-block-media-text__content\">\n<p class=\"has-black-color has-text-color\"><strong>Ryland Hale, Tesorero<\/strong><\/p>\n\n\n\n<p>Ryland Hale es el orgulloso padre de un actual Mission Kid y un futuro Mission Kid. Originario de Los \u00c1ngeles, Ryland estudi\u00f3 m\u00fasica en UC Santa Cruz, pas\u00f3 unos a\u00f1os en Nueva York, y ahora vive en el Distrito de la Misi\u00f3n. Profesionalmente, Ryland es&nbsp; gerente de producto con amplia experiencia en las industrias de la m\u00fasica y el entretenimiento, centr\u00e1ndose en el cumplimiento legal global y el desarrollo de productos. Fue co-fundador de una empresa de licencias musicales y procesamiento de derechos de autor, que fue vendida a Spotify, donde trabaj\u00f3 durante seis a\u00f1os. Ryland trabaja con frecuencia como voluntario en la limpieza de la ciudad de San Francisco y le encanta explorar la Misi\u00f3n y sus parques infantiles con sus hijos y esposa.<\/p>\n<\/div><\/div>\n\n\n\n<div class=\"wp-block-media-text alignwide is-vertically-aligned-top\" style=\"grid-template-columns:16% auto\"><figure class=\"wp-block-media-text__media\"><img loading=\"lazy\" decoding=\"async\" width=\"1024\" height=\"1024\" src=\"https:\/\/missionkidssf.org\/wp-content\/uploads\/2025\/08\/Tracy-1024x1024.jpg\" alt=\"\" class=\"wp-image-3420 size-medium\" srcset=\"https:\/\/missionkidssf.org\/wp-content\/uploads\/2025\/08\/Tracy-1024x1024.jpg 1024w, https:\/\/missionkidssf.org\/wp-content\/uploads\/2025\/08\/Tracy-300x300.jpg 300w, https:\/\/missionkidssf.org\/wp-content\/uploads\/2025\/08\/Tracy-150x150.jpg 150w, https:\/\/missionkidssf.org\/wp-content\/uploads\/2025\/08\/Tracy-768x768.jpg 768w, https:\/\/missionkidssf.org\/wp-content\/uploads\/2025\/08\/Tracy-1536x1536.jpg 1536w, https:\/\/missionkidssf.org\/wp-content\/uploads\/2025\/08\/Tracy-2048x2048.jpg 2048w\" sizes=\"auto, (max-width: 1024px) 100vw, 1024px\" \/><\/figure><div class=\"wp-block-media-text__content\">\n<p class=\"has-black-color has-text-color\"><strong>Tracy Avila, Secretaria <\/strong><\/p>\n\n\n\n<p>Tracy es la Secretaria de la Junta Directiva de Mission Kids. En su carrera profesional, cuenta con m\u00e1s de 21 a\u00f1os de experiencia en los sectores federal y privado, desde comunicaciones sanitarias hasta asistencia en salud p\u00fablica y respuesta ante cat\u00e1strofes. Tambi\u00e9n trabaja como consultora de salud p\u00fablica para una empresa de consultor\u00eda especializada. Es licenciada en Comunicaci\u00f3n y tiene una maestr\u00eda en Salud P\u00fablica y Trabajo Social. Se mud\u00f3 a San Francisco desde Washington, DC hace m\u00e1s de 9 a\u00f1os y desde entonces ha hecho del \u00c1rea de la Bah\u00eda su hogar. En su tiempo libre, le gusta viajar con su familia, leer e ir al spa. Ella es la orgullosa madre de dos ex alumnos de Mission Kids y un estudiante actual de Mission Kids.<\/p>\n<\/div><\/div>\n\n\n\n<div class=\"wp-block-media-text alignwide is-vertically-aligned-top\" style=\"grid-template-columns:16% auto\"><figure class=\"wp-block-media-text__media\"><img loading=\"lazy\" decoding=\"async\" width=\"1024\" height=\"1024\" src=\"https:\/\/missionkidssf.org\/wp-content\/uploads\/2025\/08\/Naima-1024x1024.jpg\" alt=\"\" class=\"wp-image-3412 size-medium\" srcset=\"https:\/\/missionkidssf.org\/wp-content\/uploads\/2025\/08\/Naima-1024x1024.jpg 1024w, https:\/\/missionkidssf.org\/wp-content\/uploads\/2025\/08\/Naima-300x300.jpg 300w, https:\/\/missionkidssf.org\/wp-content\/uploads\/2025\/08\/Naima-150x150.jpg 150w, https:\/\/missionkidssf.org\/wp-content\/uploads\/2025\/08\/Naima-768x768.jpg 768w, https:\/\/missionkidssf.org\/wp-content\/uploads\/2025\/08\/Naima-1536x1536.jpg 1536w, https:\/\/missionkidssf.org\/wp-content\/uploads\/2025\/08\/Naima-2048x2048.jpg 2048w\" sizes=\"auto, (max-width: 1024px) 100vw, 1024px\" \/><\/figure><div class=\"wp-block-media-text__content\">\n<p class=\"has-black-color has-text-color\"><strong>Naima Ahmad<\/strong><\/p>\n\n\n\n<p>Naima Ahmad es una dise\u00f1adora de productos con una amplia experiencia que incluye puestos en organizaciones sin fines de lucro y gesti\u00f3n comunitaria, en los que se ha centrado en la inclusi\u00f3n y el dise\u00f1o de llamadas a la acci\u00f3n reflexiva. Naima, nativa de la zona de la bah\u00eda, estudi\u00f3 Administraci\u00f3n de Empresas en la Universidad Estatal de San Francisco y recientemente complet\u00f3 un programa de certificaci\u00f3n en Dise\u00f1o UX en 2024. Anteriormente form\u00f3 parte de una comunidad de culturismo y, de hecho, particip\u00f3 en competiciones! Es la orgullosa madre de un ni\u00f1o que actualmente forma parte de Mission Kid.<\/p>\n<\/div><\/div>\n\n\n\n<div class=\"wp-block-media-text alignwide is-vertically-aligned-top\" style=\"grid-template-columns:16% auto\"><figure class=\"wp-block-media-text__media\"><img loading=\"lazy\" decoding=\"async\" width=\"1024\" height=\"1024\" src=\"https:\/\/missionkidssf.org\/wp-content\/uploads\/2025\/08\/Sandra-1024x1024.jpg\" alt=\"\" class=\"wp-image-3414 size-medium\" srcset=\"https:\/\/missionkidssf.org\/wp-content\/uploads\/2025\/08\/Sandra-1024x1024.jpg 1024w, https:\/\/missionkidssf.org\/wp-content\/uploads\/2025\/08\/Sandra-300x300.jpg 300w, https:\/\/missionkidssf.org\/wp-content\/uploads\/2025\/08\/Sandra-150x150.jpg 150w, https:\/\/missionkidssf.org\/wp-content\/uploads\/2025\/08\/Sandra-768x768.jpg 768w, https:\/\/missionkidssf.org\/wp-content\/uploads\/2025\/08\/Sandra.jpg 1512w\" sizes=\"auto, (max-width: 1024px) 100vw, 1024px\" \/><\/figure><div class=\"wp-block-media-text__content\">\n<p class=\"has-black-color has-text-color\"><strong>Sandra Cabrera-Galv\u00e1n<\/strong><\/p>\n\n\n\n<p>Sandra Cabrera-Galv\u00e1n es una dedicada profesora de secundaria con m\u00e1s de 10 a\u00f1os de experiencia en el \u00e1mbito educativo. Actualmente da clases de salud y bienestar en Gateway High School, un papel especialmente significativo, ya que tambi\u00e9n es antigua alumna de ese centro. Sandra ha trabajado anteriormente con padres y alumnos encarcelados a trav\u00e9s de Five Keys y Community Works West, ofreciendo apoyo y educaci\u00f3n a algunas de las personas y familias m\u00e1s afectadas por el sistema. Orgullosa hija de inmigrantes y primera generaci\u00f3n de su familia en graduarse en la universidad, Sandra tiene un m\u00e1ster en Educaci\u00f3n. Naci\u00f3 y se cri\u00f3 en el distrito de la Mission de San Francisco y es la orgullosa madre de un ni\u00f1o que actualmente estudia en Mission Kid.<\/p>\n<\/div><\/div>\n\n\n\n<div class=\"wp-block-media-text alignwide is-vertically-aligned-top\" style=\"grid-template-columns:16% auto\"><figure class=\"wp-block-media-text__media\"><img loading=\"lazy\" decoding=\"async\" width=\"512\" height=\"512\" src=\"https:\/\/missionkidssf.org\/wp-content\/uploads\/2023\/09\/5402435_account_profile_user_avatar_man_icon.png\" alt=\"\" class=\"wp-image-2839 size-medium\" srcset=\"https:\/\/missionkidssf.org\/wp-content\/uploads\/2023\/09\/5402435_account_profile_user_avatar_man_icon.png 512w, https:\/\/missionkidssf.org\/wp-content\/uploads\/2023\/09\/5402435_account_profile_user_avatar_man_icon-300x300.png 300w, https:\/\/missionkidssf.org\/wp-content\/uploads\/2023\/09\/5402435_account_profile_user_avatar_man_icon-150x150.png 150w\" sizes=\"auto, (max-width: 512px) 100vw, 512px\" \/><\/figure><div class=\"wp-block-media-text__content\">\n<p class=\"has-black-color has-text-color\"><strong>Bianca Gonzalez, Presidenta de participaci\u00f3n comunitaria<\/strong><\/p>\n\n\n\n<p>Bianca Gonz\u00e1lez se uni\u00f3 a la junta de Mission Kids en 2023, como presidenta de compromiso familiar. Naci\u00f3 y creci\u00f3 en San Francisco y est\u00e1 orgullosa de criar a sus cuatro hijos, incluyendo un ex alumno de Mission Kids y dos Mission Kids actuales, en el Distrito de la Misi\u00f3n. Bianca es una activa voluntaria de la comunidad y tambi\u00e9n participa en la celebraci\u00f3n del Carnaval de San Francisco, adem\u00e1s de formar parte de los comit\u00e9s consultivos del Departamento de Polic\u00eda de San Francisco y de la Fiscal\u00eda del Distrito de San Francisco. A Bianca le encanta pasar tiempo con su familia y relacionarse con su comunidad.<\/p>\n<\/div><\/div>\n\n\n\n<div class=\"wp-block-media-text alignwide is-vertically-aligned-top\" style=\"grid-template-columns:16% auto\"><figure class=\"wp-block-media-text__media\"><img loading=\"lazy\" decoding=\"async\" width=\"1024\" height=\"1024\" src=\"https:\/\/missionkidssf.org\/wp-content\/uploads\/2025\/08\/Angela-1024x1024.jpg\" alt=\"\" class=\"wp-image-3418 size-medium\" srcset=\"https:\/\/missionkidssf.org\/wp-content\/uploads\/2025\/08\/Angela-1024x1024.jpg 1024w, https:\/\/missionkidssf.org\/wp-content\/uploads\/2025\/08\/Angela-300x300.jpg 300w, https:\/\/missionkidssf.org\/wp-content\/uploads\/2025\/08\/Angela-150x150.jpg 150w, https:\/\/missionkidssf.org\/wp-content\/uploads\/2025\/08\/Angela-768x768.jpg 768w, https:\/\/missionkidssf.org\/wp-content\/uploads\/2025\/08\/Angela-1536x1536.jpg 1536w, https:\/\/missionkidssf.org\/wp-content\/uploads\/2025\/08\/Angela.jpg 1816w\" sizes=\"auto, (max-width: 1024px) 100vw, 1024px\" \/><\/figure><div class=\"wp-block-media-text__content\">\n<p class=\"has-black-color has-text-color\"><strong>Angela Lathrop<\/strong><\/p>\n\n\n\n<p>Angela trabaja actualmente en el departamento de Relaciones con los Clientes de los Giants y los Warriors, lo que hace que su trabajo sea divertido y emocionante. Gracias a su t\u00edtulo en Desarrollo Infantil, dirigi\u00f3 una guarder\u00eda y un centro preescolar durante diecisiete a\u00f1os. Naci\u00f3 y creci\u00f3 en San Francisco, y nunca se fue! En su vida pasada, fue trabajadora metal\u00fargica del Local 104, y en casa tiene una animada manada de siete perros que la mantienen alerta. Tambi\u00e9n es una orgullosa abuela de cuatro maravillosos nietos, uno de los cuales es actualmente un Mission Kid.<\/p>\n<\/div><\/div>\n\n\n\n<div class=\"wp-block-media-text alignwide is-vertically-aligned-top\" style=\"grid-template-columns:16% auto\"><figure class=\"wp-block-media-text__media\"><img loading=\"lazy\" decoding=\"async\" width=\"1024\" height=\"1024\" src=\"https:\/\/missionkidssf.org\/wp-content\/uploads\/2024\/09\/Lucy-1024x1024.jpg\" alt=\"\" class=\"wp-image-3042 size-medium\" srcset=\"https:\/\/missionkidssf.org\/wp-content\/uploads\/2024\/09\/Lucy-1024x1024.jpg 1024w, https:\/\/missionkidssf.org\/wp-content\/uploads\/2024\/09\/Lucy-300x300.jpg 300w, https:\/\/missionkidssf.org\/wp-content\/uploads\/2024\/09\/Lucy-150x150.jpg 150w, https:\/\/missionkidssf.org\/wp-content\/uploads\/2024\/09\/Lucy-768x768.jpg 768w, https:\/\/missionkidssf.org\/wp-content\/uploads\/2024\/09\/Lucy-1536x1536.jpg 1536w, https:\/\/missionkidssf.org\/wp-content\/uploads\/2024\/09\/Lucy-2048x2048.jpg 2048w\" sizes=\"auto, (max-width: 1024px) 100vw, 1024px\" \/><\/figure><div class=\"wp-block-media-text__content\">\n<p class=\"has-black-color has-text-color\"><strong>Lucy Nagle, Presidenta de Admisiones<\/strong><\/p>\n\n\n\n<p>Lucy es de la tercera generaci\u00f3n de San Francisco. Estudi\u00f3 en la Universidad de Nueva York, donde obtuvo una licenciatura en historia y ha trabajado en varios puestos de trabajo que van desde la venta al por menor a un estudio de azulejos de mosaico. Actualmente, disfruta de ser madre a tiempo completo de un ex alumno de Mission Kid y un futuro Mission Kid. Lucy y su familia disfrutan cocinar, vivir aventuras locales e inventar historias juntos.<\/p>\n<\/div><\/div>\n\n\n\n<div class=\"wp-block-media-text alignwide is-vertically-aligned-top\" style=\"grid-template-columns:18% auto\"><figure class=\"wp-block-media-text__media\"><img loading=\"lazy\" decoding=\"async\" width=\"1024\" height=\"1024\" src=\"https:\/\/missionkidssf.org\/wp-content\/uploads\/2023\/10\/Ruth-1024x1024.jpg\" alt=\"\" class=\"wp-image-2894 size-medium\" srcset=\"https:\/\/missionkidssf.org\/wp-content\/uploads\/2023\/10\/Ruth-1024x1024.jpg 1024w, https:\/\/missionkidssf.org\/wp-content\/uploads\/2023\/10\/Ruth-300x300.jpg 300w, https:\/\/missionkidssf.org\/wp-content\/uploads\/2023\/10\/Ruth-150x150.jpg 150w, https:\/\/missionkidssf.org\/wp-content\/uploads\/2023\/10\/Ruth-768x768.jpg 768w, https:\/\/missionkidssf.org\/wp-content\/uploads\/2023\/10\/Ruth-1536x1536.jpg 1536w, https:\/\/missionkidssf.org\/wp-content\/uploads\/2023\/10\/Ruth-2048x2048.jpg 2048w\" sizes=\"auto, (max-width: 1024px) 100vw, 1024px\" \/><\/figure><div class=\"wp-block-media-text__content\">\n<p><strong>Ruth Reynaga-Sengo, Presidenta de Compromiso del Personal<\/strong><\/p>\n\n\n\n<p>Ruth es licenciada en dise\u00f1o de moda\/confecci\u00f3n por la Academy of Art University y cuenta con 15 a\u00f1os de experiencia en el sector de la restauraci\u00f3n aqu\u00ed en San Francisco. Se uni\u00f3 a la Junta de Mission Kids en 2022 y desde entonces ha contribuido a nuevos dise\u00f1os de paisajismo para mejorar el entorno de la escuela, as\u00ed como implementado un evento mensual de agradecimiento al personal para fortalecer la comunidad escolar. Ruth es la orgullosa madre de una ex alumna de Mission Kids y de un Mission Kid actual.<\/p>\n<\/div><\/div>\n\n\n\n<div class=\"wp-block-media-text alignwide is-vertically-aligned-top\" style=\"grid-template-columns:18% auto\"><figure class=\"wp-block-media-text__media\"><img loading=\"lazy\" decoding=\"async\" width=\"512\" height=\"512\" src=\"https:\/\/missionkidssf.org\/wp-content\/uploads\/2023\/09\/5402435_account_profile_user_avatar_man_icon.png\" alt=\"\" class=\"wp-image-2839 size-medium\" srcset=\"https:\/\/missionkidssf.org\/wp-content\/uploads\/2023\/09\/5402435_account_profile_user_avatar_man_icon.png 512w, https:\/\/missionkidssf.org\/wp-content\/uploads\/2023\/09\/5402435_account_profile_user_avatar_man_icon-300x300.png 300w, https:\/\/missionkidssf.org\/wp-content\/uploads\/2023\/09\/5402435_account_profile_user_avatar_man_icon-150x150.png 150w\" sizes=\"auto, (max-width: 512px) 100vw, 512px\" \/><\/figure><div class=\"wp-block-media-text__content\">\n<p><strong>Adneisha White-Gunabalasingam<\/strong><\/p>\n\n\n\n<p>Adneisha es actualmente ama de casa. Anteriormente, trabaj\u00f3 como educadora infantil con beb\u00e9s y ni\u00f1os peque\u00f1os para Bright Horizons y Kindercare durante aproximadamente 10 a\u00f1os. Tambi\u00e9n ha trabajado en asignaciones de moda a nivel corporativo y como miembro del equipo de recepci\u00f3n de una organizaci\u00f3n sin fines de lucro que emparejaba a estudiantes internacionales con familias estadounidenses para que pudieran asistir a la escuela en Estados Unidos. En la escuela de posgrado, fue secretaria de la Uni\u00f3n de Estudiantes Negros y cre\u00f3 y present\u00f3 un programa de radio en el canal nacional de la Academia de Arte de la Universidad. Tiene una licenciatura en Desarrollo Infantil y Adolescente, con una especializaci\u00f3n en Psicolog\u00eda de la CSUN, as\u00ed como una maestr\u00eda en Periodismo de Moda, con \u00e9nfasis en el esp\u00edritu empresarial, de la Academia de Arte de la Universidad. Nacida y criada en Los \u00c1ngeles, ha vivido en San Francisco durante nueve a\u00f1os. Adneisha es madre de una exalumna de Mission Kid y de una estudiante actual.<\/p>\n<\/div><\/div>\n\n\n\n<p><\/p>\n","protected":false},"excerpt":{"rendered":"<p>Monique Col\u00f3n, Presidenta de la Junta Monique se uni\u00f3 a la junta de Mission Kids como Presidenta de Admisiones en agosto de 2023, despu\u00e9s de servir en el equipo de Admisiones durante 2 a\u00f1os, y &#8230;<\/p>\n","protected":false},"author":1,"featured_media":3406,"parent":1538,"menu_order":0,"comment_status":"closed","ping_status":"closed","template":"","meta":{"_acf_changed":false,"footnotes":""},"class_list":["post-1372","page","type-page","status-publish","has-post-thumbnail","hentry"],"acf":[],"aioseo_notices":[],"_links":{"self":[{"href":"https:\/\/missionkidssf.org\/es\/wp-json\/wp\/v2\/pages\/1372","targetHints":{"allow":["GET"]}}],"collection":[{"href":"https:\/\/missionkidssf.org\/es\/wp-json\/wp\/v2\/pages"}],"about":[{"href":"https:\/\/missionkidssf.org\/es\/wp-json\/wp\/v2\/types\/page"}],"author":[{"embeddable":true,"href":"https:\/\/missionkidssf.org\/es\/wp-json\/wp\/v2\/users\/1"}],"replies":[{"embeddable":true,"href":"https:\/\/missionkidssf.org\/es\/wp-json\/wp\/v2\/comments?post=1372"}],"version-history":[{"count":22,"href":"https:\/\/missionkidssf.org\/es\/wp-json\/wp\/v2\/pages\/1372\/revisions"}],"predecessor-version":[{"id":3422,"href":"https:\/\/missionkidssf.org\/es\/wp-json\/wp\/v2\/pages\/1372\/revisions\/3422"}],"up":[{"embeddable":true,"href":"https:\/\/missionkidssf.org\/es\/wp-json\/wp\/v2\/pages\/1538"}],"wp:featuredmedia":[{"embeddable":true,"href":"https:\/\/missionkidssf.org\/es\/wp-json\/wp\/v2\/media\/3406"}],"wp:attachment":[{"href":"https:\/\/missionkidssf.org\/es\/wp-json\/wp\/v2\/media?parent=1372"}],"curies":[{"name":"wp","href":"https:\/\/api.w.org\/{rel}","templated":true}]}}