{"id":1538,"date":"2021-03-01T23:21:52","date_gmt":"2021-03-02T07:21:52","guid":{"rendered":"https:\/\/missionkidssf.org\/?page_id=1538"},"modified":"2024-05-06T20:56:04","modified_gmt":"2024-05-07T03:56:04","slug":"acerca-de-mission-kids","status":"publish","type":"page","link":"https:\/\/missionkidssf.org\/es\/acerca-de-mission-kids\/","title":{"rendered":"Acerca de Mission Kids"},"content":{"rendered":"\n<div class=\"wp-block-columns is-layout-flex wp-container-core-columns-is-layout-9d6595d7 wp-block-columns-is-layout-flex\">\n<div class=\"wp-block-column is-layout-flow wp-block-column-is-layout-flow\">\n<p>Mission Kids es un preescolar inclusivo y propulsado por la curiosidad que nutre el crecimiento f\u00edsico, emocional, social e intelectual de cada estudiante. Nuestro curr\u00edculo emergente y basado en el juego engendre la compasi\u00f3n, curiosidad, independencia y amor del aprender.<\/p>\n\n\n\n<p>Creemos que las relaciones y la comunidad son los fundamentos para que los ni\u00f1os y familias florezcan. Las familias trabajan en equipo con los maestros para ampliar el aprendizaje en la escuela y m\u00e1s all\u00e1 del sal\u00f3n de clases.<\/p>\n<\/div>\n<\/div>\n\n\n\n<div class=\"wp-block-columns is-layout-flex wp-container-core-columns-is-layout-9d6595d7 wp-block-columns-is-layout-flex\">\n<div class=\"wp-block-column is-layout-flow wp-block-column-is-layout-flow\">\n<p class=\"has-text-color\" style=\"color:#a77ca3;font-size:14px\"><strong>COOPERATIVA<\/strong><\/p>\n\n\n\n<h4 class=\"wp-block-heading\">No solo una escuela, una comunidad<\/h4>\n\n\n\n<p>Un preescolar cooperativo es un programa de educaci\u00f3n temprana en el que los padres o cuidadores toman un papel activo. Nuestro preescolar local cuenta con el apoyo de familias que trabajan junto con nuestros maestros capacitados para proporcionar a sus hijos un aprendizaje temprano de calidad. Los padres, cuidadores, ni\u00f1os y maestros trabajan, juegan y aprenden juntos.<\/p>\n<\/div>\n\n\n\n<div class=\"wp-block-column is-layout-flow wp-block-column-is-layout-flow\" style=\"flex-basis:50%\">\n<figure class=\"wp-block-image size-large\"><img loading=\"lazy\" decoding=\"async\" width=\"1024\" height=\"769\" src=\"https:\/\/missionkidssf.org\/wp-content\/uploads\/2021\/02\/IMG_0401-1024x769.jpg\" alt=\"\" class=\"wp-image-1132\" srcset=\"https:\/\/missionkidssf.org\/wp-content\/uploads\/2021\/02\/IMG_0401-1024x769.jpg 1024w, https:\/\/missionkidssf.org\/wp-content\/uploads\/2021\/02\/IMG_0401-300x225.jpg 300w, https:\/\/missionkidssf.org\/wp-content\/uploads\/2021\/02\/IMG_0401-768x577.jpg 768w, https:\/\/missionkidssf.org\/wp-content\/uploads\/2021\/02\/IMG_0401-1536x1154.jpg 1536w, https:\/\/missionkidssf.org\/wp-content\/uploads\/2021\/02\/IMG_0401-2048x1539.jpg 2048w\" sizes=\"auto, (max-width: 1024px) 100vw, 1024px\" \/><\/figure>\n<\/div>\n<\/div>\n\n\n\n<div class=\"wp-block-columns is-layout-flex wp-container-core-columns-is-layout-9d6595d7 wp-block-columns-is-layout-flex\">\n<div class=\"wp-block-column is-layout-flow wp-block-column-is-layout-flow\" style=\"flex-basis:50%\">\n<figure class=\"wp-block-image size-large\"><img loading=\"lazy\" decoding=\"async\" width=\"1024\" height=\"802\" src=\"https:\/\/missionkidssf.org\/wp-content\/uploads\/2021\/03\/location-1024x802.jpg\" alt=\"\" class=\"wp-image-1489\" srcset=\"https:\/\/missionkidssf.org\/wp-content\/uploads\/2021\/03\/location-1024x802.jpg 1024w, https:\/\/missionkidssf.org\/wp-content\/uploads\/2021\/03\/location-300x235.jpg 300w, https:\/\/missionkidssf.org\/wp-content\/uploads\/2021\/03\/location-768x602.jpg 768w, https:\/\/missionkidssf.org\/wp-content\/uploads\/2021\/03\/location-1536x1203.jpg 1536w, https:\/\/missionkidssf.org\/wp-content\/uploads\/2021\/03\/location-2048x1605.jpg 2048w\" sizes=\"auto, (max-width: 1024px) 100vw, 1024px\" \/><\/figure>\n<\/div>\n\n\n\n<div class=\"wp-block-column is-layout-flow wp-block-column-is-layout-flow\">\n<p class=\"has-text-color\" style=\"color:#a77ca3;font-size:14px\"><strong>LOCALIZACI\u00d3N<\/strong><\/p>\n\n\n\n<h4 class=\"wp-block-heading\">Justo en el coraz\u00f3n de la Misi\u00f3n<\/h4>\n\n\n\n<p>Mission Kids es un preescolar en San Francisco, California. La ubicaci\u00f3n de nuestro cuido infantil asequible en el coraz\u00f3n del distrito de la Misi\u00f3n de San Francisco ofrece accesibilidad para peatones y acceso f\u00e1cil al tr\u00e1nsito p\u00fablico a varias comunidades. Adem\u00e1s, ofrecemos una \u00e1rea frente al edificio para dejar y recoger a sus ni\u00f1os en la acera.<\/p>\n<\/div>\n<\/div>\n\n\n\n<div class=\"wp-block-columns is-layout-flex wp-container-core-columns-is-layout-9d6595d7 wp-block-columns-is-layout-flex\">\n<div class=\"wp-block-column is-layout-flow wp-block-column-is-layout-flow\">\n<p class=\"has-text-color\" style=\"color:#a77ca3;font-size:14px\"><strong>INSTALACIONES<\/strong>                                      <\/p>\n\n\n\n<h4 class=\"wp-block-heading\">Construido para nosotros del principio<\/h4>\n\n\n\n<p>Nuestra instalaci\u00f3n es de construcci\u00f3n nueva, dise\u00f1ada desde el principio para los ni\u00f1os peque\u00f1os. Desde nuestros salones m\u00faltiples de clase, espacios de aprender al aire libre, animales criados aqu\u00ed mismo, jard\u00edn, cocinas y m\u00e1s, nuestras instalaciones ofrecen mucho espacio para que nuestros estudiantes exploren y aprendan en un ambiente seguro.<\/p>\n<\/div>\n\n\n\n<div class=\"wp-block-column is-layout-flow wp-block-column-is-layout-flow\" style=\"flex-basis:50%\">\n<figure class=\"wp-block-image size-large\"><img loading=\"lazy\" decoding=\"async\" width=\"1024\" height=\"683\" src=\"https:\/\/missionkidssf.org\/wp-content\/uploads\/2021\/01\/190614_MK_Groundbreaking_0373-1-1024x683.jpg\" alt=\"\" class=\"wp-image-434\" srcset=\"https:\/\/missionkidssf.org\/wp-content\/uploads\/2021\/01\/190614_MK_Groundbreaking_0373-1-1024x683.jpg 1024w, https:\/\/missionkidssf.org\/wp-content\/uploads\/2021\/01\/190614_MK_Groundbreaking_0373-1-300x200.jpg 300w, https:\/\/missionkidssf.org\/wp-content\/uploads\/2021\/01\/190614_MK_Groundbreaking_0373-1-768x512.jpg 768w, https:\/\/missionkidssf.org\/wp-content\/uploads\/2021\/01\/190614_MK_Groundbreaking_0373-1.jpg 1200w\" sizes=\"auto, (max-width: 1024px) 100vw, 1024px\" \/><\/figure>\n<\/div>\n<\/div>\n\n\n\n<div class=\"wp-block-columns is-layout-flex wp-container-core-columns-is-layout-9d6595d7 wp-block-columns-is-layout-flex\">\n<div class=\"wp-block-column is-layout-flow wp-block-column-is-layout-flow\" style=\"flex-basis:50%\">\n<figure class=\"wp-block-image size-large\"><img loading=\"lazy\" decoding=\"async\" width=\"1024\" height=\"682\" src=\"https:\/\/missionkidssf.org\/wp-content\/uploads\/2021\/02\/180410_1108_MK_138-1-1024x682.jpg\" alt=\"\" class=\"wp-image-1328\" srcset=\"https:\/\/missionkidssf.org\/wp-content\/uploads\/2021\/02\/180410_1108_MK_138-1-1024x682.jpg 1024w, https:\/\/missionkidssf.org\/wp-content\/uploads\/2021\/02\/180410_1108_MK_138-1-300x200.jpg 300w, https:\/\/missionkidssf.org\/wp-content\/uploads\/2021\/02\/180410_1108_MK_138-1-768x512.jpg 768w, https:\/\/missionkidssf.org\/wp-content\/uploads\/2021\/02\/180410_1108_MK_138-1-1536x1024.jpg 1536w, https:\/\/missionkidssf.org\/wp-content\/uploads\/2021\/02\/180410_1108_MK_138-1.jpg 2000w\" sizes=\"auto, (max-width: 1024px) 100vw, 1024px\" \/><\/figure>\n<\/div>\n\n\n\n<div class=\"wp-block-column is-layout-flow wp-block-column-is-layout-flow\">\n<p class=\"has-text-color\" style=\"color:#a77ca3;font-size:14px\"><strong>COMPROMISO FAMILIAR<\/strong><\/p>\n\n\n\n<h4 class=\"wp-block-heading\">Prep\u00e1rate para arremangarte<\/h4>\n\n\n\n<p>Como preescolar cooperativa, Mission Kids conf\u00eda en nuestras familias como el coraz\u00f3n de nuestra organizaci\u00f3n. Cada familia es responsable de trabajar un turno en el aula, tener un trabajo familiar, ofrecerse como voluntario para el mantenimiento de la escuela y participar en nuestros esfuerzos anuales de recaudaci\u00f3n de fondos. Tambi\u00e9n requerimos que las familias asistan a reuniones comunitarias y talleres de educaci\u00f3n para cuidadores.<\/p>\n<\/div>\n<\/div>\n\n\n\n<h4 class=\"wp-block-heading\">\u00bfQuieres aprender m\u00e1s?<\/h4>\n\n\n\n<p>Para obtener m\u00e1s informaci\u00f3n sobre nuestras tarifas y compromisos familiares, consulte nuestra <a href=\"https:\/\/missionkidssf.org\/es\/programa\/preguntas-mas-frecuentes\/\" title=\"Preguntas m\u00e1s frecuentes\">p\u00e1gina de Preguntas frecuentes<\/a> o contactarnos directamente a info@missionkidsco-op.org <\/p>\n","protected":false},"excerpt":{"rendered":"<p>Mission Kids es un preescolar inclusivo y propulsado por la curiosidad que nutre el crecimiento f\u00edsico, emocional, social e intelectual de cada estudiante. Nuestro curr\u00edculo emergente y basado en el juego engendre la compasi\u00f3n, curiosidad, &#8230;<\/p>\n","protected":false},"author":1,"featured_media":1559,"parent":0,"menu_order":0,"comment_status":"closed","ping_status":"closed","template":"","meta":{"_acf_changed":false,"footnotes":""},"class_list":["post-1538","page","type-page","status-publish","has-post-thumbnail","hentry"],"acf":[],"aioseo_notices":[],"_links":{"self":[{"href":"https:\/\/missionkidssf.org\/es\/wp-json\/wp\/v2\/pages\/1538","targetHints":{"allow":["GET"]}}],"collection":[{"href":"https:\/\/missionkidssf.org\/es\/wp-json\/wp\/v2\/pages"}],"about":[{"href":"https:\/\/missionkidssf.org\/es\/wp-json\/wp\/v2\/types\/page"}],"author":[{"embeddable":true,"href":"https:\/\/missionkidssf.org\/es\/wp-json\/wp\/v2\/users\/1"}],"replies":[{"embeddable":true,"href":"https:\/\/missionkidssf.org\/es\/wp-json\/wp\/v2\/comments?post=1538"}],"version-history":[{"count":5,"href":"https:\/\/missionkidssf.org\/es\/wp-json\/wp\/v2\/pages\/1538\/revisions"}],"predecessor-version":[{"id":2977,"href":"https:\/\/missionkidssf.org\/es\/wp-json\/wp\/v2\/pages\/1538\/revisions\/2977"}],"wp:featuredmedia":[{"embeddable":true,"href":"https:\/\/missionkidssf.org\/es\/wp-json\/wp\/v2\/media\/1559"}],"wp:attachment":[{"href":"https:\/\/missionkidssf.org\/es\/wp-json\/wp\/v2\/media?parent=1538"}],"curies":[{"name":"wp","href":"https:\/\/api.w.org\/{rel}","templated":true}]}}