{"id":2468,"date":"2022-04-14T11:39:27","date_gmt":"2022-04-14T18:39:27","guid":{"rendered":"https:\/\/missionkidssf.org\/?page_id=2468"},"modified":"2022-06-13T10:43:35","modified_gmt":"2022-06-13T17:43:35","slug":"mision-vision-y-valores","status":"publish","type":"page","link":"https:\/\/missionkidssf.org\/es\/mision-vision-y-valores\/","title":{"rendered":"Misi\u00f3n, Visi\u00f3n y Valores"},"content":{"rendered":"\n<p><strong>Misi\u00f3n<\/strong><\/p>\n\n\n\n<p>Nuestra misi\u00f3n es apoyar a las familias multiculturales y con diversos ingresos en San Francisco a trav\u00e9s de una educaci\u00f3n temprana inclusiva, biling\u00fce y basada en el juego.<\/p>\n\n\n\n<p><\/p>\n\n\n\n<p><strong>Visi\u00f3n<\/strong><\/p>\n\n\n\n<p>Nuestra visi\u00f3n es ser un faro comunitario para el cuidado y la educaci\u00f3n de la primera infancia.<\/p>\n\n\n\n<p><strong>Valores<\/strong><\/p>\n\n\n\n<div class=\"wp-block-media-text alignwide has-media-on-the-right is-stacked-on-mobile wide-box has-very-light-gray-to-cyan-bluish-gray-gradient-background has-background\"><figure class=\"wp-block-media-text__media\"><img loading=\"lazy\" decoding=\"async\" width=\"1024\" height=\"699\" src=\"https:\/\/missionkidssf.org\/wp-content\/uploads\/2022\/06\/firefighter-1024x699.jpg\" alt=\"\" class=\"wp-image-2542 size-full\" srcset=\"https:\/\/missionkidssf.org\/wp-content\/uploads\/2022\/06\/firefighter-1024x699.jpg 1024w, https:\/\/missionkidssf.org\/wp-content\/uploads\/2022\/06\/firefighter-300x205.jpg 300w, https:\/\/missionkidssf.org\/wp-content\/uploads\/2022\/06\/firefighter-768x524.jpg 768w, https:\/\/missionkidssf.org\/wp-content\/uploads\/2022\/06\/firefighter.jpg 1048w\" sizes=\"auto, (max-width: 1024px) 100vw, 1024px\" \/><\/figure><div class=\"wp-block-media-text__content\">\n<p><strong>Comunidad<\/strong><\/p>\n\n\n\n<p>Fomentamos fuertes conexiones entre las familias, los maestros y los ni\u00f1os.<\/p>\n\n\n\n<p>Como cooperativa, los cuidadores comparten la carga de trabajo en un sal\u00f3n de clases con los maestros. Al estar en el sal\u00f3n de clases con su hijo y sus compa\u00f1eros, los padres y tutores construyen fuertes conexiones con otras familias, maestros y ni\u00f1os en nuestra escuela.<\/p>\n<\/div><\/div>\n\n\n\n<p><\/p>\n\n\n\n<div class=\"wp-block-media-text alignwide is-stacked-on-mobile\"><figure class=\"wp-block-media-text__media\"><img loading=\"lazy\" decoding=\"async\" width=\"982\" height=\"1014\" src=\"https:\/\/missionkidssf.org\/wp-content\/uploads\/2022\/05\/Family-from-Molly-3.jpg\" alt=\"\" class=\"wp-image-2471 size-full\" srcset=\"https:\/\/missionkidssf.org\/wp-content\/uploads\/2022\/05\/Family-from-Molly-3.jpg 982w, https:\/\/missionkidssf.org\/wp-content\/uploads\/2022\/05\/Family-from-Molly-3-291x300.jpg 291w, https:\/\/missionkidssf.org\/wp-content\/uploads\/2022\/05\/Family-from-Molly-3-768x793.jpg 768w\" sizes=\"auto, (max-width: 982px) 100vw, 982px\" \/><\/figure><div class=\"wp-block-media-text__content\">\n<p><strong>Basado en la familia<\/strong><\/p>\n\n\n\n<p>Nos preocupamNos cuidamos unos a otros y a los hijos de los dem\u00e1s como familia.<\/p>\n\n\n\n<p>Somos una comunidad de familias que forman una familia escolar. Esto se ve y se siente en las relaciones afectuosas, la confianza y las conexiones que desarrollamos con cada ni\u00f1o y cada cuidador, as\u00ed como en la atenci\u00f3n que ponemos en la educaci\u00f3n tanto del ni\u00f1o como de los padres.<\/p>\n<\/div><\/div>\n\n\n\n<div class=\"wp-block-media-text alignwide has-media-on-the-right is-stacked-on-mobile wide-box has-very-light-gray-to-cyan-bluish-gray-gradient-background has-background\"><figure class=\"wp-block-media-text__media\"><img loading=\"lazy\" decoding=\"async\" width=\"324\" height=\"243\" src=\"https:\/\/missionkidssf.org\/wp-content\/uploads\/2022\/06\/diversity-2-from-Molly-.jpg\" alt=\"\" class=\"wp-image-2562 size-full\" srcset=\"https:\/\/missionkidssf.org\/wp-content\/uploads\/2022\/06\/diversity-2-from-Molly-.jpg 324w, https:\/\/missionkidssf.org\/wp-content\/uploads\/2022\/06\/diversity-2-from-Molly--300x225.jpg 300w\" sizes=\"auto, (max-width: 324px) 100vw, 324px\" \/><\/figure><div class=\"wp-block-media-text__content\">\n<p><strong>Jugar<\/strong><\/p>\n\n\n\n<p>Creemos que los ni\u00f1os aprenden a trav\u00e9s del juego.<\/p>\n\n\n\n<figure class=\"wp-block-table\"><table><tbody><tr><td>Facilitamos la autoexpresi\u00f3n, la creatividad, la socializaci\u00f3n, la exploraci\u00f3n, la confianza en uno mismo y el aprendizaje a trav\u00e9s del juego. El juego es divertido y cr\u00edtico en el desarrollo de la creatividad y la socializaci\u00f3n de un ni\u00f1o.<\/td><\/tr><\/tbody><\/table><\/figure>\n<\/div><\/div>\n\n\n\n<div class=\"wp-block-media-text alignwide is-stacked-on-mobile\"><figure class=\"wp-block-media-text__media\"><img loading=\"lazy\" decoding=\"async\" width=\"1024\" height=\"768\" src=\"https:\/\/missionkidssf.org\/wp-content\/uploads\/2022\/05\/diversity-kids-1024x768.jpg\" alt=\"\" class=\"wp-image-2431 size-full\" srcset=\"https:\/\/missionkidssf.org\/wp-content\/uploads\/2022\/05\/diversity-kids-1024x768.jpg 1024w, https:\/\/missionkidssf.org\/wp-content\/uploads\/2022\/05\/diversity-kids-300x225.jpg 300w, https:\/\/missionkidssf.org\/wp-content\/uploads\/2022\/05\/diversity-kids-768x576.jpg 768w, https:\/\/missionkidssf.org\/wp-content\/uploads\/2022\/05\/diversity-kids-1536x1152.jpg 1536w, https:\/\/missionkidssf.org\/wp-content\/uploads\/2022\/05\/diversity-kids-2048x1536.jpg 2048w\" sizes=\"auto, (max-width: 1024px) 100vw, 1024px\" \/><\/figure><div class=\"wp-block-media-text__content\">\n<p><strong>Diversidad<\/strong><\/p>\n\n\n\n<p>Aceptamos la singularidad de cada familia.<\/p>\n\n\n\n<p>Creemos que la diversidad mejora las experiencias de nuestra comunidad, los ni\u00f1os y las familias. Promueve el aprendizaje, la comprensi\u00f3n y la empat\u00eda.<\/p>\n<\/div><\/div>\n\n\n\n<div class=\"wp-block-media-text alignwide has-media-on-the-right is-stacked-on-mobile wide-box has-very-light-gray-to-cyan-bluish-gray-gradient-background has-background\"><figure class=\"wp-block-media-text__media\"><img loading=\"lazy\" decoding=\"async\" width=\"1024\" height=\"768\" src=\"https:\/\/missionkidssf.org\/wp-content\/uploads\/2022\/05\/inclusivity-1024x768.jpg\" alt=\"\" class=\"wp-image-2437 size-full\" srcset=\"https:\/\/missionkidssf.org\/wp-content\/uploads\/2022\/05\/inclusivity-1024x768.jpg 1024w, https:\/\/missionkidssf.org\/wp-content\/uploads\/2022\/05\/inclusivity-300x225.jpg 300w, https:\/\/missionkidssf.org\/wp-content\/uploads\/2022\/05\/inclusivity-768x576.jpg 768w, https:\/\/missionkidssf.org\/wp-content\/uploads\/2022\/05\/inclusivity-1536x1152.jpg 1536w, https:\/\/missionkidssf.org\/wp-content\/uploads\/2022\/05\/inclusivity.jpg 2048w\" sizes=\"auto, (max-width: 1024px) 100vw, 1024px\" \/><\/figure><div class=\"wp-block-media-text__content\">\n<p><strong>Inclusividad<\/strong><\/p>\n\n\n\n<p>Damos la bienvenida a todas las familias y ni\u00f1os.<\/p>\n\n\n\n<p>Damos la bienvenida y servimos a ni\u00f1os con todos los perfiles y capacidades de aprendizaje. Nos esforzamos por garantizar que la voz de cada familia sea una parte valiosa de la configuraci\u00f3n de nuestra escuela.<\/p>\n<\/div><\/div>\n","protected":false},"excerpt":{"rendered":"<p>Misi\u00f3n Nuestra misi\u00f3n es apoyar a las familias multiculturales y con diversos ingresos en San Francisco a trav\u00e9s de una educaci\u00f3n temprana inclusiva, biling\u00fce y basada en el juego. Visi\u00f3n Nuestra visi\u00f3n es ser un &#8230;<\/p>\n","protected":false},"author":4,"featured_media":2565,"parent":0,"menu_order":0,"comment_status":"closed","ping_status":"closed","template":"","meta":{"_acf_changed":false,"footnotes":""},"class_list":["post-2468","page","type-page","status-publish","has-post-thumbnail","hentry"],"acf":[],"aioseo_notices":[],"_links":{"self":[{"href":"https:\/\/missionkidssf.org\/es\/wp-json\/wp\/v2\/pages\/2468","targetHints":{"allow":["GET"]}}],"collection":[{"href":"https:\/\/missionkidssf.org\/es\/wp-json\/wp\/v2\/pages"}],"about":[{"href":"https:\/\/missionkidssf.org\/es\/wp-json\/wp\/v2\/types\/page"}],"author":[{"embeddable":true,"href":"https:\/\/missionkidssf.org\/es\/wp-json\/wp\/v2\/users\/4"}],"replies":[{"embeddable":true,"href":"https:\/\/missionkidssf.org\/es\/wp-json\/wp\/v2\/comments?post=2468"}],"version-history":[{"count":9,"href":"https:\/\/missionkidssf.org\/es\/wp-json\/wp\/v2\/pages\/2468\/revisions"}],"predecessor-version":[{"id":2967,"href":"https:\/\/missionkidssf.org\/es\/wp-json\/wp\/v2\/pages\/2468\/revisions\/2967"}],"wp:featuredmedia":[{"embeddable":true,"href":"https:\/\/missionkidssf.org\/es\/wp-json\/wp\/v2\/media\/2565"}],"wp:attachment":[{"href":"https:\/\/missionkidssf.org\/es\/wp-json\/wp\/v2\/media?parent=2468"}],"curies":[{"name":"wp","href":"https:\/\/api.w.org\/{rel}","templated":true}]}}