{"id":2946,"date":"2024-01-28T23:45:59","date_gmt":"2024-01-29T07:45:59","guid":{"rendered":"https:\/\/missionkidssf.org\/?page_id=2946"},"modified":"2025-02-08T12:18:34","modified_gmt":"2025-02-08T20:18:34","slug":"descargo","status":"publish","type":"page","link":"https:\/\/missionkidssf.org\/es\/descargo\/","title":{"rendered":"Pol\u00edtica de privacidad y exenci\u00f3n de responsabilidad"},"content":{"rendered":"\n<p><strong>Descargo de responsabilidad<\/strong><\/p>\n\n\n\n<p>Todos los materiales publicados en este sitio est\u00e1n sujetos a derechos de autor propiedad de Mission Kids o de otras personas o entidades. Cualquier reproducci\u00f3n, retransmisi\u00f3n o republicaci\u00f3n total o parcial de cualquier documento que se encuentre en este sitio est\u00e1 expresamente prohibida, a menos que Mission Kids o el propietario de los derechos de autor del material haya concedido expresamente su consentimiento previo por escrito para reproducir, retransmitir o republicar el material. Quedan reservados todos los dem\u00e1s derechos.<\/p>\n\n\n\n<p>Los nombres, marcas comerciales, marcas de servicio y logotipos de Mission Kids que aparecen en este sitio no pueden utilizarse en ning\u00fan anuncio o publicidad, o de otro modo para indicar el patrocinio o la afiliaci\u00f3n de la organizaci\u00f3n con cualquier producto o servicio, sin el permiso previo, expreso y por escrito de la organizaci\u00f3n.<\/p>\n\n\n\n<p>Aunque este sitio web contiene enlaces a otros sitios, Mission Kids no se responsabiliza del contenido ni de la informaci\u00f3n de dichos sitios, ya que no ejerce control editorial ni de otro tipo sobre ellos.<\/p>\n\n\n\n<p>Este sitio web proporciona informaci\u00f3n y servicios en apoyo de nuestra misi\u00f3n. No hacemos ninguna declaraci\u00f3n sobre la idoneidad o exactitud de la informaci\u00f3n contenida en este sitio para cualquier prop\u00f3sito.<\/p>\n\n\n\n<p>Si observa en este sitio alg\u00fan contenido o elemento objetable, inexacto o que no funcione correctamente, p\u00f3ngase en contacto con <a href=\"mailto:info@missionkidsco-op.org\" target=\"_blank\" rel=\"noreferrer noopener\">info@missionkidsco-op.org<\/a> lo antes posible.<\/p>\n\n\n\n<p><strong>Pol\u00edtica de privacidad de la web<\/strong><\/p>\n\n\n\n<p>La siguiente declaraci\u00f3n de pol\u00edtica se publica en nuestro sitio web:<\/p>\n\n\n\n<p>Mission Kids respeta la privacidad de los visitantes de su sitio web. Creemos firmemente que para que el comercio electr\u00f3nico y las actividades en l\u00ednea prosperen, los consumidores deben tener la seguridad de que la informaci\u00f3n proporcionada en l\u00ednea se utiliza de forma responsable y adecuada. Para proteger la privacidad en l\u00ednea, la organizaci\u00f3n ha puesto en pr\u00e1ctica la siguiente pol\u00edtica.<\/p>\n\n\n\n<p><em>Acerca de la informaci\u00f3n que recopilamos<\/em> &#8211; La mayor\u00eda de los datos e informaci\u00f3n que recopilamos a trav\u00e9s de nuestro sitio web se utilizan \u00fanicamente para ayudarnos a cumplir nuestra misi\u00f3n. Nuestra pol\u00edtica consiste en recopilar y almacenar \u00fanicamente la informaci\u00f3n personal que nuestra comunidad nos proporciona conscientemente.<\/p>\n\n\n\n<ul class=\"wp-block-list\">\n<li><em>De visitantes ocasionales del sitio web y usuarios en general.<\/em> No recogemos ning\u00fan dato personal de los usuarios que navegan por nuestro sitio web. Cuando usted utiliza las \u00e1reas p\u00fablicas de nuestro sitio web, lo hace de forma an\u00f3nima. S\u00ed, recolectamos informaci\u00f3n de uso agregada, como el n\u00famero de hits (visitas) por p\u00e1gina. Utilizamos los datos agregados con fines internos y de marketing, pero no recopilamos ninguna informaci\u00f3n de identificaci\u00f3n personal.<\/li>\n<\/ul>\n\n\n\n<ul class=\"wp-block-list\">\n<li><em>De nuestros alumnos y sus familias y de los donantes.<\/em> Si al visitar nuestro sitio web realiza una donaci\u00f3n, solicita la admisi\u00f3n en Mission Kids o solicita otro tipo de informaci\u00f3n, se le pedir\u00e1 que facilite determinados datos. En todos los casos, esta informaci\u00f3n se facilita voluntariamente. En la mayor\u00eda de los casos, pedimos a los donantes o posibles familias que faciliten su nombre, direcci\u00f3n, tel\u00e9fono y correo electr\u00f3nico. Si va a hacer un donativo, se le pedir\u00e1n los datos de su tarjeta de cr\u00e9dito para completar la compra. Si est\u00e1 solicitando la admisi\u00f3n, se recopilar\u00e1 informaci\u00f3n sobre su(s) hijo(s) y su familia relacionada con su participaci\u00f3n en un programa preescolar de participaci\u00f3n familiar.<\/li>\n<\/ul>\n\n\n\n<ul class=\"wp-block-list\">\n<li><em>Listas de donantes y familias<\/em> &#8211; Nuestra lista de donantes y familias no est\u00e1 a la venta. Cuando visite nuestro sitio web o se convierta en donante o futura familia de nuestra escuela, su nombre e informaci\u00f3n postal nunca se vender\u00e1n a una organizaci\u00f3n comercial.<\/li>\n<\/ul>\n\n\n\n<ul class=\"wp-block-list\">\n<li><em>Informaci\u00f3n de la cuenta de la tarjeta de cr\u00e9dito<\/em> &#8211; Utilizamos m\u00e9todos de transacci\u00f3n seguros cuando recogemos informaci\u00f3n de la tarjeta de cr\u00e9dito a trav\u00e9s de Internet. Mission Kids no divulga la informaci\u00f3n de las cuentas de tarjetas de cr\u00e9dito proporcionada por nuestros donantes o posibles familias. Enviamos la informaci\u00f3n a la c\u00e1mara de compensaci\u00f3n apropiada para obtener el pago.<\/li>\n<\/ul>\n\n\n\n<p><em>C\u00f3mo utilizamos las cookies<\/em> &#8211; Las cookies en el sitio de Mission Kids s\u00f3lo apoyan sus preferencias y las operaciones de nuestro carrito de compras. No utilizamos cookies para rastrear su uso o cualquier otra informaci\u00f3n personal sobre usted.<\/p>\n\n\n\n<p><strong>Pesticidas<\/strong><\/p>\n\n\n\n<p><a href=\"https:\/\/missionkidssf.org\/es\/pesticidas\/\" title=\"Pesticidas\">Ver informacion sobre pesticidas aqui<\/a><\/p>\n\n\n\n<p><\/p>\n","protected":false},"excerpt":{"rendered":"<p>Descargo de responsabilidad Todos los materiales publicados en este sitio est\u00e1n sujetos a derechos de autor propiedad de Mission Kids o de otras personas o entidades. Cualquier reproducci\u00f3n, retransmisi\u00f3n o republicaci\u00f3n total o parcial de &#8230;<\/p>\n","protected":false},"author":8,"featured_media":0,"parent":0,"menu_order":0,"comment_status":"closed","ping_status":"closed","template":"","meta":{"_acf_changed":false,"footnotes":""},"class_list":["post-2946","page","type-page","status-publish","hentry"],"acf":[],"aioseo_notices":[],"_links":{"self":[{"href":"https:\/\/missionkidssf.org\/es\/wp-json\/wp\/v2\/pages\/2946","targetHints":{"allow":["GET"]}}],"collection":[{"href":"https:\/\/missionkidssf.org\/es\/wp-json\/wp\/v2\/pages"}],"about":[{"href":"https:\/\/missionkidssf.org\/es\/wp-json\/wp\/v2\/types\/page"}],"author":[{"embeddable":true,"href":"https:\/\/missionkidssf.org\/es\/wp-json\/wp\/v2\/users\/8"}],"replies":[{"embeddable":true,"href":"https:\/\/missionkidssf.org\/es\/wp-json\/wp\/v2\/comments?post=2946"}],"version-history":[{"count":2,"href":"https:\/\/missionkidssf.org\/es\/wp-json\/wp\/v2\/pages\/2946\/revisions"}],"predecessor-version":[{"id":3119,"href":"https:\/\/missionkidssf.org\/es\/wp-json\/wp\/v2\/pages\/2946\/revisions\/3119"}],"wp:attachment":[{"href":"https:\/\/missionkidssf.org\/es\/wp-json\/wp\/v2\/media?parent=2946"}],"curies":[{"name":"wp","href":"https:\/\/api.w.org\/{rel}","templated":true}]}}