{"id":3105,"date":"2025-02-08T12:01:08","date_gmt":"2025-02-08T20:01:08","guid":{"rendered":"https:\/\/missionkidssf.org\/?page_id=3105"},"modified":"2025-02-08T12:01:08","modified_gmt":"2025-02-08T20:01:08","slug":"noticias-comuniciado-de-prensa","status":"publish","type":"page","link":"https:\/\/missionkidssf.org\/es\/noticias-comuniciado-de-prensa\/","title":{"rendered":"Noticias &#038; Comuniciado de Prensa"},"content":{"rendered":"\n<p><\/p>\n\n\n\n<p>En agosto de 2018, Mission Kids finaliz\u00f3 la compra de una propiedad en el distrito de la Misi\u00f3n de San Francisco, a s\u00f3lo unas cuadras de nuestra ubicaci\u00f3n original en la ciudad. Adquirimos esta propiedad con la esperanza de que alg\u00fan d\u00eda pudi\u00e9ramos servir a m\u00e1s familias en el \u00e1rea.<\/p>\n\n\n\n<p>En octubre de 2019, comenzamos la construcci\u00f3n de nuestras nuevas instalaciones, el primer paso para hacer realidad nuestro sue\u00f1o.<\/p>\n\n\n\n<p>Despu\u00e9s de 16 meses de construcci\u00f3n, logramos empacar nuestros tres salones de clases y mudarnos por fin a 969 Treat Ave.&nbsp;<\/p>\n\n\n\n<p>Nuestro primer d\u00eda de operaciones en el nuevo sitio fue el 8 febrero 2021, y hemos utilizado el espacio felizmente desde entonces. Ahora operamos cinco salones de clase, que nos permite servir a 70 ni\u00f1os y esperamos crecer para servir a 80 ni\u00f1os en el oto\u00f1o de 2023.<\/p>\n\n\n\n<p>Nuestro nuevo campus es una joya de la educaci\u00f3n de la primera infancia en el distrito de la Misi\u00f3n, que ofrece a las familias locales una experiencia incre\u00edble de preescolar cooperativo en un espacio construido solo para nosotros.<\/p>\n\n\n\n<p><a href=\"\/wp-content\/uploads\/2021\/01\/PressRelease_969TreatGroundbreaking_6.14.19.pdf\" target=\"_blank\" rel=\"noreferrer noopener\">Consulte nuestro comunicado de prensa para nuestro evento Forever Home Groundbreaking.<\/a><\/p>\n\n\n\n<p>\u00a1Estamos agradecidos por el apoyo de nuestros muchos donantes que ayudaron a realizar este sue\u00f1o!<\/p>\n\n\n\n<hr class=\"wp-block-separator has-css-opacity\"\/>\n\n\n\n<h2 class=\"wp-block-heading\">Noticias y prensa<\/h2>\n","protected":false},"excerpt":{"rendered":"<p>En agosto de 2018, Mission Kids finaliz\u00f3 la compra de una propiedad en el distrito de la Misi\u00f3n de San Francisco, a s\u00f3lo unas cuadras de nuestra ubicaci\u00f3n original en la ciudad. Adquirimos esta propiedad &#8230;<\/p>\n","protected":false},"author":8,"featured_media":0,"parent":0,"menu_order":0,"comment_status":"closed","ping_status":"closed","template":"","meta":{"_acf_changed":false,"footnotes":""},"class_list":["post-3105","page","type-page","status-publish","hentry"],"acf":[],"aioseo_notices":[],"_links":{"self":[{"href":"https:\/\/missionkidssf.org\/es\/wp-json\/wp\/v2\/pages\/3105","targetHints":{"allow":["GET"]}}],"collection":[{"href":"https:\/\/missionkidssf.org\/es\/wp-json\/wp\/v2\/pages"}],"about":[{"href":"https:\/\/missionkidssf.org\/es\/wp-json\/wp\/v2\/types\/page"}],"author":[{"embeddable":true,"href":"https:\/\/missionkidssf.org\/es\/wp-json\/wp\/v2\/users\/8"}],"replies":[{"embeddable":true,"href":"https:\/\/missionkidssf.org\/es\/wp-json\/wp\/v2\/comments?post=3105"}],"version-history":[{"count":1,"href":"https:\/\/missionkidssf.org\/es\/wp-json\/wp\/v2\/pages\/3105\/revisions"}],"predecessor-version":[{"id":3106,"href":"https:\/\/missionkidssf.org\/es\/wp-json\/wp\/v2\/pages\/3105\/revisions\/3106"}],"wp:attachment":[{"href":"https:\/\/missionkidssf.org\/es\/wp-json\/wp\/v2\/media?parent=3105"}],"curies":[{"name":"wp","href":"https:\/\/api.w.org\/{rel}","templated":true}]}}