{"id":535,"date":"2020-10-25T17:51:11","date_gmt":"2020-10-26T00:51:11","guid":{"rendered":"https:\/\/missionkidssf.org\/?page_id=535"},"modified":"2023-10-23T22:00:32","modified_gmt":"2023-10-24T05:00:32","slug":"homepage","status":"publish","type":"page","link":"https:\/\/missionkidssf.org\/es\/","title":{"rendered":"Homepage (Espa\u00f1ol)"},"content":{"rendered":"\n<div class=\"wp-block-group\"><div class=\"wp-block-group__inner-container is-layout-flow wp-block-group-is-layout-flow\">\n<figure class=\"wp-block-pullquote is-style-default\"><blockquote><p>Somos un preescolar cooperativo ubicado en el distrito de la Misi\u00f3n de San Francisco, basado en el juego y centrado en el ni\u00f1o. Ofrecemos un programa biling\u00fce ingl\u00e9s-espa\u00f1ol y nuestros estudiantes empiezan desde los dos a\u00f1os de edad hasta que ingresan al jard\u00edn de infantes. Nuestro programa de cuidado infantil asequible est\u00e1 dise\u00f1ado para nutrir el crecimiento social, emocional, f\u00edsico e intelectual de los ni\u00f1os, creando un ambiente inclusivo donde los ni\u00f1os puedan explorar y sentirse seguros y respetados.<\/p><\/blockquote><\/figure>\n<\/div><\/div>\n\n\n\n<div class=\"wp-block-columns homepage-columns wide-box is-layout-flex wp-container-core-columns-is-layout-9d6595d7 wp-block-columns-is-layout-flex\">\n<div class=\"wp-block-column is-layout-flow wp-block-column-is-layout-flow\">\n<div class=\"wp-block-group\"><div class=\"wp-block-group__inner-container is-layout-flow wp-block-group-is-layout-flow\">\n<div class=\"wp-block-group\"><div class=\"wp-block-group__inner-container is-layout-flow wp-block-group-is-layout-flow\">\n<div class=\"wp-block-group\"><div class=\"wp-block-group__inner-container is-layout-flow wp-block-group-is-layout-flow\">\n<figure class=\"wp-block-image size-large is-style-default\"><img loading=\"lazy\" decoding=\"async\" width=\"1024\" height=\"918\" src=\"https:\/\/missionkidssf.org\/wp-content\/uploads\/2021\/02\/emplyement-1024x918.jpg\" alt=\"\" class=\"wp-image-1377\" srcset=\"https:\/\/missionkidssf.org\/wp-content\/uploads\/2021\/02\/emplyement-1024x918.jpg 1024w, https:\/\/missionkidssf.org\/wp-content\/uploads\/2021\/02\/emplyement-300x269.jpg 300w, https:\/\/missionkidssf.org\/wp-content\/uploads\/2021\/02\/emplyement-768x689.jpg 768w, https:\/\/missionkidssf.org\/wp-content\/uploads\/2021\/02\/emplyement.jpg 1326w\" sizes=\"auto, (max-width: 1024px) 100vw, 1024px\" \/><\/figure>\n<\/div><\/div>\n<\/div><\/div>\n\n\n\n<h3 class=\"wp-block-heading has-text-align-center\"><strong><strong><a href=\"\/es\/programa\/\" title=\"Misi\u00f3n y Filosof\u00eda\">Nuestra Filosof\u00eda<\/a><\/strong><\/strong><\/h3>\n\n\n\n<p class=\"has-text-align-left\">Nuestro entorno diverso basado en el juego combinado con un inter\u00e9s activo de los padres y tutores fomenta el crecimiento social, emocional, f\u00edsico e intelectual. Todo, desde nuestro plan de estudios hasta nuestras excursiones, anima a los estudiantes a elegir la participaci\u00f3n como una forma de vida.<\/p>\n\n\n\n<div class=\"wp-block-buttons is-horizontal is-content-justification-center is-layout-flex wp-container-core-buttons-is-layout-499968f5 wp-block-buttons-is-layout-flex\">\n<div class=\"wp-block-button\"><a class=\"wp-block-button__link has-background wp-element-button\" href=\"\/es\/programa\/\" style=\"border-radius:4px;background-color:#a57fb2\">Aprende m\u00e1s<\/a><\/div>\n<\/div>\n<\/div><\/div>\n<\/div>\n\n\n\n<div class=\"wp-block-column is-layout-flow wp-block-column-is-layout-flow\">\n<div class=\"wp-block-group\"><div class=\"wp-block-group__inner-container is-layout-flow wp-block-group-is-layout-flow\"><div class=\"wp-block-image is-style-default\">\n<figure class=\"aligncenter size-large\"><img loading=\"lazy\" decoding=\"async\" width=\"1024\" height=\"768\" src=\"https:\/\/missionkidssf.org\/wp-content\/uploads\/2021\/03\/qtq80-COb9jJ-1024x768.jpeg\" alt=\"\" class=\"wp-image-1526\" srcset=\"https:\/\/missionkidssf.org\/wp-content\/uploads\/2021\/03\/qtq80-COb9jJ-1024x768.jpeg 1024w, https:\/\/missionkidssf.org\/wp-content\/uploads\/2021\/03\/qtq80-COb9jJ-300x225.jpeg 300w, https:\/\/missionkidssf.org\/wp-content\/uploads\/2021\/03\/qtq80-COb9jJ-768x576.jpeg 768w, https:\/\/missionkidssf.org\/wp-content\/uploads\/2021\/03\/qtq80-COb9jJ-1536x1152.jpeg 1536w, https:\/\/missionkidssf.org\/wp-content\/uploads\/2021\/03\/qtq80-COb9jJ.jpeg 1920w\" sizes=\"auto, (max-width: 1024px) 100vw, 1024px\" \/><\/figure>\n<\/div>\n\n\n<h3 class=\"wp-block-heading has-text-align-center\"><strong><strong><a href=\"\/es\/acerca\/conocer-al-equipo\/\" title=\"Conocer al Equipo\">Conozca a Nuestro Equipo<\/a><\/strong><\/strong><\/h3>\n\n\n\n<p class=\"has-text-align-left\">Los educadores y el personal administrativo son altamente profesionales, pero agradables, con un gran inter\u00e9s en el \u00e9xito de cada estudiante y familia. Nuestro equipo est\u00e1 unido por el deseo de brindar una experiencia de aprendizaje temprano de la m\u00e1s alta calidad para nuestros estudiantes.<\/p>\n\n\n\n<div class=\"wp-block-buttons is-horizontal is-content-justification-center is-layout-flex wp-container-core-buttons-is-layout-499968f5 wp-block-buttons-is-layout-flex\">\n<div class=\"wp-block-button\"><a class=\"wp-block-button__link has-background wp-element-button\" href=\"\/es\/acerca\/conocer-al-equipo\/\" style=\"border-radius:4px;background-color:#a57fb2\">Aprende m\u00e1s<\/a><\/div>\n<\/div>\n<\/div><\/div>\n<\/div>\n\n\n\n<div class=\"wp-block-column is-layout-flow wp-block-column-is-layout-flow\">\n<div class=\"wp-block-group\"><div class=\"wp-block-group__inner-container is-layout-flow wp-block-group-is-layout-flow\"><div class=\"wp-block-image is-style-default\">\n<figure class=\"aligncenter size-full\"><img loading=\"lazy\" decoding=\"async\" width=\"800\" height=\"800\" src=\"http:\/\/\/\/missionkidsco-op-test.org\/wp-content\/uploads\/2020\/10\/homepage-programs.jpg\" alt=\"\" class=\"wp-image-290\" srcset=\"https:\/\/missionkidssf.org\/wp-content\/uploads\/2020\/10\/homepage-programs.jpg 800w, https:\/\/missionkidssf.org\/wp-content\/uploads\/2020\/10\/homepage-programs-300x300.jpg 300w, https:\/\/missionkidssf.org\/wp-content\/uploads\/2020\/10\/homepage-programs-150x150.jpg 150w, https:\/\/missionkidssf.org\/wp-content\/uploads\/2020\/10\/homepage-programs-768x768.jpg 768w\" sizes=\"auto, (max-width: 800px) 100vw, 800px\" \/><\/figure>\n<\/div>\n\n\n<h3 class=\"wp-block-heading has-text-align-center\"><strong><a href=\"\/es\/programa\/\">El Programa<\/a><\/strong><\/h3>\n\n\n\n<p class=\"has-text-align-left\">Creemos que todos los estudiantes son multifac\u00e9ticos y, por ello, los ni\u00f1os deben poder elegir entre sus actividades. Nuestro horario flexible y nuestras nuevas instalaciones permiten a los ni\u00f1os una amplia variedad de experiencias: juegos grupales e individuales, espacios interiores y exteriores, juegos imaginativos, arte, m\u00fasica y m\u00e1s.<\/p>\n\n\n\n<div class=\"wp-block-buttons is-horizontal is-content-justification-center is-layout-flex wp-container-core-buttons-is-layout-499968f5 wp-block-buttons-is-layout-flex\">\n<div class=\"wp-block-button\"><a class=\"wp-block-button__link has-background wp-element-button\" href=\"\/es\/programa\/\" style=\"border-radius:4px;background-color:#a57fb2\">Aprende m\u00e1s<\/a><\/div>\n<\/div>\n<\/div><\/div>\n<\/div>\n<\/div>\n\n\n\n<figure class=\"wp-block-embed aligncenter is-type-video is-provider-vimeo wp-block-embed-vimeo video-player wp-embed-aspect-16-9 wp-has-aspect-ratio\"><div class=\"wp-block-embed__wrapper\">\n<iframe loading=\"lazy\" src=\"https:\/\/player.vimeo.com\/video\/489284208?dnt=1&amp;app_id=122963\" width=\"500\" height=\"281\" frameborder=\"0\" allow=\"autoplay; fullscreen; picture-in-picture; clipboard-write\"><\/iframe>\n<\/div><\/figure>\n\n\n\n<p><\/p>\n","protected":false},"excerpt":{"rendered":"<p>Somos un preescolar cooperativo ubicado en el distrito de la Misi\u00f3n de San Francisco, basado en el juego y centrado en el ni\u00f1o. Ofrecemos un programa biling\u00fce ingl\u00e9s-espa\u00f1ol y nuestros estudiantes empiezan desde los dos &#8230;<\/p>\n","protected":false},"author":1,"featured_media":539,"parent":0,"menu_order":0,"comment_status":"closed","ping_status":"closed","template":"templates\/page-homepage.php","meta":{"_acf_changed":false,"footnotes":""},"class_list":["post-535","page","type-page","status-publish","has-post-thumbnail","hentry"],"acf":[],"aioseo_notices":[],"_links":{"self":[{"href":"https:\/\/missionkidssf.org\/es\/wp-json\/wp\/v2\/pages\/535","targetHints":{"allow":["GET"]}}],"collection":[{"href":"https:\/\/missionkidssf.org\/es\/wp-json\/wp\/v2\/pages"}],"about":[{"href":"https:\/\/missionkidssf.org\/es\/wp-json\/wp\/v2\/types\/page"}],"author":[{"embeddable":true,"href":"https:\/\/missionkidssf.org\/es\/wp-json\/wp\/v2\/users\/1"}],"replies":[{"embeddable":true,"href":"https:\/\/missionkidssf.org\/es\/wp-json\/wp\/v2\/comments?post=535"}],"version-history":[{"count":26,"href":"https:\/\/missionkidssf.org\/es\/wp-json\/wp\/v2\/pages\/535\/revisions"}],"predecessor-version":[{"id":2885,"href":"https:\/\/missionkidssf.org\/es\/wp-json\/wp\/v2\/pages\/535\/revisions\/2885"}],"wp:featuredmedia":[{"embeddable":true,"href":"https:\/\/missionkidssf.org\/es\/wp-json\/wp\/v2\/media\/539"}],"wp:attachment":[{"href":"https:\/\/missionkidssf.org\/es\/wp-json\/wp\/v2\/media?parent=535"}],"curies":[{"name":"wp","href":"https:\/\/api.w.org\/{rel}","templated":true}]}}