{"id":570,"date":"2020-09-20T14:12:28","date_gmt":"2020-09-20T21:12:28","guid":{"rendered":"https:\/\/missionkidssf.org\/?page_id=570"},"modified":"2025-07-30T14:13:43","modified_gmt":"2025-07-30T21:13:43","slug":"empleo","status":"publish","type":"page","link":"https:\/\/missionkidssf.org\/es\/acerca-de-mission-kids\/empleo\/","title":{"rendered":"Empleo"},"content":{"rendered":"\n<p>Como un preescolar cooperativo centrado en el ni\u00f1o y basado en el juego en el Distrito de la Misi\u00f3n, estamos buscando adultos responsables para el empleo. Entre otros requisitos se\u00f1alados en la descripci\u00f3n de cada puesto individual, los candidatos calificados deben ser capaces de fomentar el respeto y el amor por el aprendizaje en un aula diversa.<\/p>\n\n\n\n<p>Mission Kids brinda educaci\u00f3n y cuidado infantil biling\u00fce, multicultural y excepcional con un enfoque en fomentar la compasi\u00f3n, la curiosidad y la conciencia comunitaria. Como preescolar cooperativo, los ni\u00f1os, los padres y los maestros son parte de una comunidad que trabaja y aprende juntos.<\/p>\n\n\n\n<p>Si est\u00e1 interesado en obtener m\u00e1s informaci\u00f3n sobre oportunidades de empleo, env\u00ede una carta de presentaci\u00f3n y su curr\u00edculum a <a href=\"mailto:employment@missionkidsco-op.org\" target=\"_blank\" rel=\"noreferrer noopener\">employment@missionkidsco-op.org<\/a><\/p>\n\n\n\n<p><\/p>\n","protected":false},"excerpt":{"rendered":"<p>Como un preescolar cooperativo centrado en el ni\u00f1o y basado en el juego en el Distrito de la Misi\u00f3n, estamos buscando adultos responsables para el empleo. Entre otros requisitos se\u00f1alados en la descripci\u00f3n de cada &#8230;<\/p>\n","protected":false},"author":1,"featured_media":749,"parent":1538,"menu_order":0,"comment_status":"closed","ping_status":"closed","template":"templates\/page-job-listings.php","meta":{"_acf_changed":false,"footnotes":""},"class_list":["post-570","page","type-page","status-publish","has-post-thumbnail","hentry"],"acf":[],"aioseo_notices":[],"_links":{"self":[{"href":"https:\/\/missionkidssf.org\/es\/wp-json\/wp\/v2\/pages\/570","targetHints":{"allow":["GET"]}}],"collection":[{"href":"https:\/\/missionkidssf.org\/es\/wp-json\/wp\/v2\/pages"}],"about":[{"href":"https:\/\/missionkidssf.org\/es\/wp-json\/wp\/v2\/types\/page"}],"author":[{"embeddable":true,"href":"https:\/\/missionkidssf.org\/es\/wp-json\/wp\/v2\/users\/1"}],"replies":[{"embeddable":true,"href":"https:\/\/missionkidssf.org\/es\/wp-json\/wp\/v2\/comments?post=570"}],"version-history":[{"count":7,"href":"https:\/\/missionkidssf.org\/es\/wp-json\/wp\/v2\/pages\/570\/revisions"}],"predecessor-version":[{"id":3404,"href":"https:\/\/missionkidssf.org\/es\/wp-json\/wp\/v2\/pages\/570\/revisions\/3404"}],"up":[{"embeddable":true,"href":"https:\/\/missionkidssf.org\/es\/wp-json\/wp\/v2\/pages\/1538"}],"wp:featuredmedia":[{"embeddable":true,"href":"https:\/\/missionkidssf.org\/es\/wp-json\/wp\/v2\/media\/749"}],"wp:attachment":[{"href":"https:\/\/missionkidssf.org\/es\/wp-json\/wp\/v2\/media?parent=570"}],"curies":[{"name":"wp","href":"https:\/\/api.w.org\/{rel}","templated":true}]}}