{"id":574,"date":"2020-09-06T19:33:25","date_gmt":"2020-09-07T02:33:25","guid":{"rendered":"https:\/\/missionkidssf.org\/?page_id=574"},"modified":"2025-03-05T18:37:51","modified_gmt":"2025-03-06T02:37:51","slug":"admisiones","status":"publish","type":"page","link":"https:\/\/missionkidssf.org\/es\/admisiones\/","title":{"rendered":"Admisiones"},"content":{"rendered":"\n<h2 class=\"wp-block-heading\">C\u00f3mo aplicar<\/h2>\n\n\n\n<p>Por favor, rellene una solicitud por cada ni\u00f1o para ser considerado para la inscripci\u00f3n. Hay una tasa de solicitud de 50 $, a menos que los ingresos de su hogar est\u00e9n por debajo de un determinado umbral, en cuyo caso la tasa de solicitud quedar\u00e1 autom\u00e1ticamente exenta. Contin\u00fae con la solicitud para conocer los detalles del pago de la tasa.<\/p>\n\n\n\n<div class=\"wp-block-buttons is-horizontal is-content-justification-center is-layout-flex wp-container-core-buttons-is-layout-499968f5 wp-block-buttons-is-layout-flex\">\n<div class=\"wp-block-button is-style-fill\"><a class=\"wp-block-button__link has-white-color has-text-color has-background wp-element-button\" href=\"https:\/\/members.missionkidssf.org\/MK_Community_Commitments\/Apply\" style=\"border-radius:4px;background-color:#509e2f\">Iniciar aplicaci\u00f3n<\/a><\/div>\n<\/div>\n\n\n\n<p><strong>Nota: <\/strong>El proceso de solicitud formal para el a\u00f1o escolar 2025-2026 est\u00e1 cerrado actualmente, pero ofreceremos recorridos para las posibles familias si hay espacio disponible. Si desea ser considerado para la lista de espera, debe enviar una solicitud y una tarifa.<\/p>\n\n\n\n<h2 class=\"wp-block-heading\">Preguntas sobre admisiones y matr\u00edcula<\/h2>\n\n\n\n<p><a href=\"https:\/\/missionkidssf.org\/es\/programa\/preguntas-mas-frecuentes\/\" title=\"Haz clic aqu\u00ed\">Haz clic aqu\u00ed<\/a> para obtener m\u00e1s informaci\u00f3n sobre el proceso de admisi\u00f3n y la matr\u00edcula en Mission Kids.<\/p>\n\n\n\n<h2 class=\"wp-block-heading\">Consideraciones de admisi\u00f3n<\/h2>\n\n\n\n<p>Mission Kids basa las decisiones de inscripci\u00f3n en una serie de factores, incluido nuestro deseo de diversidad \u00e9tnica, idioma, capacidad, origen socioecon\u00f3mico y estructura familiar. Tambi\u00e9n consideramos la capacidad de la familia para contribuir con tiempo, recursos y experiencia al preescolar biling\u00fce y a la comunidad de la cooperativa.<\/p>\n\n\n\n<div class=\"wp-block-group wide-box\"><div class=\"wp-block-group__inner-container is-layout-flow wp-block-group-is-layout-flow\">\n<h2 class=\"wp-block-heading\">Sesiones informativas<\/h2>\n\n\n\n<div class=\"wp-block-columns is-layout-flex wp-container-core-columns-is-layout-9d6595d7 wp-block-columns-is-layout-flex\">\n<div class=\"wp-block-column is-layout-flow wp-block-column-is-layout-flow\">\n<p>Mission Kids lleva a cabo varias sesiones de informaci\u00f3n al a\u00f1o. Estos eventos brindan a las posibles familias la oportunidad de hacer preguntas, ver im\u00e1genes del aula y conocer a directores, maestros y padres actuales. Asistir a una sesi\u00f3n de informaci\u00f3n es una gran oportunidad para comprender mejor nuestra misi\u00f3n y nuestra comunidad como preescolar biling\u00fce en espa\u00f1ol en San Francisco.<\/p>\n\n\n\n<p>Es necesario registrarse para asistir a una sesi\u00f3n informativa. <a href=\"https:\/\/forms.gle\/4mckkJ5KXFnthrxY6\" target=\"_blank\" rel=\"noopener\" title=\"\">Pulse aqu\u00ed para registrarse.&nbsp;<\/a><\/p>\n<\/div>\n\n\n\n<div class=\"wp-block-column is-layout-flow wp-block-column-is-layout-flow\">\n<p><strong>Las sesiones informativas se llevar\u00e1n a cabo en las siguientes fechas y horarios:<\/strong><\/p>\n\n\n\n<ul class=\"wp-block-list\">\n<li>S\u00e1bado, 8 de noviembre de 2025 9:00 am &#8211; 10:00 am<\/li>\n\n\n\n<li>S\u00e1bado, 6 de diciembre de 2025 9:00 am &#8211; 10:00 am<\/li>\n\n\n\n<li>S\u00e1bado, 24 de enero de 2026 9:00 am &#8211; 10:00 am<\/li>\n<\/ul>\n<\/div>\n<\/div>\n<\/div><\/div>\n\n\n\n<h2 class=\"wp-block-heading\">Dar la bienvenida<\/h2>\n\n\n\n<p>Las posibles familias que env\u00eden una solicitud antes del 26 de febrero de 2026 y hayan pagado la tarifa de solicitud (o hayan calificado para una exenci\u00f3n) est\u00e1n invitadas a un Meet and Greet. Este evento brinda una oportunidad para que nuestro comit\u00e9 de admisiones preescolares conozca a su familia y permite a los padres hacer preguntas en un entorno informal. Recibir\u00e1 una invitaci\u00f3n a un Meet and Greet por correo electr\u00f3nico una vez que Mission Kids reciba una solicitud completa.<\/p>\n\n\n\n<p><strong>Conocer y saludar fecha y hora<\/strong><\/p>\n\n\n\n<ul class=\"wp-block-list\">\n<li>S\u00e1bado, 7 de febrero de 2026, 9:30-10:15 am or 10:30-11:15 am<\/li>\n\n\n\n<li>S\u00e1bado, 21 de febrero de 2026, 9:30-10:15 am or 10:30-11:15 am<\/li>\n\n\n\n<li>S\u00e1bado, 28 de febrero de 2026, 9:30-10:15 am or 10:30-11:15 am<\/li>\n<\/ul>\n\n\n\n<h2 class=\"wp-block-heading\">Notificaci\u00f3n de inscripci\u00f3n<\/h2>\n\n\n\n<p>Las familias son notificadas de las decisiones de admisi\u00f3n de forma continua a partir de mediados de marzo. Una vez que un estudiante es admitido en el preescolar biling\u00fce, se requiere un dep\u00f3sito \u00fanico de $ 600 para asegurar el lugar del ni\u00f1o. Si su familia decide no inscribir a su estudiante despu\u00e9s de pagar el dep\u00f3sito, su dep\u00f3sito no ser\u00e1 reembolsado.<\/p>\n\n\n\n<h2 class=\"wp-block-heading has-text-align-center\">\u00bfPreguntas adicionales?<\/h2>\n\n\n\n<div class=\"wp-block-buttons is-horizontal is-content-justification-center is-layout-flex wp-container-core-buttons-is-layout-499968f5 wp-block-buttons-is-layout-flex\">\n<div class=\"wp-block-button is-style-fill\"><a class=\"wp-block-button__link has-text-color has-background wp-element-button\" href=\"\/es\/programa\/preguntas-mas-frecuentes\/\" style=\"border-radius:4px;color:#fffffa;background-color:#509e2f\" rel=\"\">Lea nuestras preguntas frecuentes<\/a><\/div>\n\n\n\n<div class=\"wp-block-button is-style-outline is-style-outline--1\"><a class=\"wp-block-button__link has-text-color wp-element-button\" href=\"\/es\/contactenos\/\" style=\"border-radius:4px;color:#509e2f\">Contacto<\/a><\/div>\n<\/div>\n\n\n\n<p><\/p>\n","protected":false},"excerpt":{"rendered":"<p>C\u00f3mo aplicar Por favor, rellene una solicitud por cada ni\u00f1o para ser considerado para la inscripci\u00f3n. Hay una tasa de solicitud de 50 $, a menos que los ingresos de su hogar est\u00e9n por debajo &#8230;<\/p>\n","protected":false},"author":1,"featured_media":1021,"parent":0,"menu_order":0,"comment_status":"closed","ping_status":"closed","template":"","meta":{"_acf_changed":false,"footnotes":""},"class_list":["post-574","page","type-page","status-publish","has-post-thumbnail","hentry"],"acf":[],"aioseo_notices":[],"_links":{"self":[{"href":"https:\/\/missionkidssf.org\/es\/wp-json\/wp\/v2\/pages\/574","targetHints":{"allow":["GET"]}}],"collection":[{"href":"https:\/\/missionkidssf.org\/es\/wp-json\/wp\/v2\/pages"}],"about":[{"href":"https:\/\/missionkidssf.org\/es\/wp-json\/wp\/v2\/types\/page"}],"author":[{"embeddable":true,"href":"https:\/\/missionkidssf.org\/es\/wp-json\/wp\/v2\/users\/1"}],"replies":[{"embeddable":true,"href":"https:\/\/missionkidssf.org\/es\/wp-json\/wp\/v2\/comments?post=574"}],"version-history":[{"count":20,"href":"https:\/\/missionkidssf.org\/es\/wp-json\/wp\/v2\/pages\/574\/revisions"}],"predecessor-version":[{"id":3334,"href":"https:\/\/missionkidssf.org\/es\/wp-json\/wp\/v2\/pages\/574\/revisions\/3334"}],"wp:featuredmedia":[{"embeddable":true,"href":"https:\/\/missionkidssf.org\/es\/wp-json\/wp\/v2\/media\/1021"}],"wp:attachment":[{"href":"https:\/\/missionkidssf.org\/es\/wp-json\/wp\/v2\/media?parent=574"}],"curies":[{"name":"wp","href":"https:\/\/api.w.org\/{rel}","templated":true}]}}