{"id":618,"date":"2020-09-06T21:28:35","date_gmt":"2020-09-07T04:28:35","guid":{"rendered":"https:\/\/missionkidssf.org\/?page_id=618"},"modified":"2024-06-25T15:52:11","modified_gmt":"2024-06-25T22:52:11","slug":"contactenos","status":"publish","type":"page","link":"https:\/\/missionkidssf.org\/es\/contactenos\/","title":{"rendered":"Cont\u00e1ctenos"},"content":{"rendered":"\n<h2 class=\"wp-block-heading has-text-align-center\">\u00a1Nos encantar\u00eda escuchar de usted!<\/h2>\n\n\n\n<div class=\"wp-block-columns is-layout-flex wp-container-core-columns-is-layout-9d6595d7 wp-block-columns-is-layout-flex\">\n<div class=\"wp-block-column is-layout-flow wp-block-column-is-layout-flow\">\n<p><strong>Admisiones<\/strong><br>Para obtener informaci\u00f3n general y las fechas de las pr\u00f3ximas sesiones informativas\u00a0<a href=\"https:\/\/missionkidssf.org\/es\/admisiones\/\" title=\"\">haga clic aqu\u00ed<\/a> o <br>Env\u00edenos un correo electr\u00f3nico a\u00a0<a href=\"mailto:admissions@missionkidsco-op.org\">admissions@missionkidsco-op.org<\/a><\/p>\n\n\n\n<p><strong>Donaciones<\/strong><br><a href=\"mailto:donations@missionkidsco-op.org\">donations@missionkidsco-op.org<\/a>&nbsp;(o&nbsp;<a href=\"\/es\/apoya-a-nuestra-escuela\/donar-a-mission-kids\/\" title=\"Donar a Mission Kids\">donar en l\u00ednea<\/a>).<\/p>\n\n\n\n<p><strong>Recaudaci\u00f3n de fondos para el Spring Fiesta<\/strong><br><a href=\"mailto:auction@missionkidsco-op.org\">auction@missionkidsco-op.org<\/a><\/p>\n\n\n\n<p><strong>Empleo o voluntariado<\/strong><br><a href=\"mailto:employment@missionkidsco-op.org\">employment@missionkidsco-op.org<\/a><\/p>\n\n\n\n<p><strong>Preguntas generales<\/strong><br><a href=\"mailto:info@missionkidsco-op.org\">info@missionkidsco-op.org<\/a><\/p>\n\n\n\n<p><strong>Nuestra direcci\u00f3n postal:<\/strong><br>Mission Kids Co-op<br>969 Treat Ave.<br>San Francisco, CA 94110<\/p>\n<\/div>\n\n\n\n<div class=\"wp-block-column is-layout-flow wp-block-column-is-layout-flow\">\n<p><\/p>\n\n\n\n<iframe src=\"https:\/\/www.google.com\/maps\/embed?pb=!1m18!1m12!1m3!1d2703.815386181234!2d-122.41499545688961!3d37.75443103217536!2m3!1f0!2f0!3f0!3m2!1i1024!2i768!4f13.1!3m3!1m2!1s0x808f7e47fdd2848b%3A0x76877b0bf726435c!2s969%20Treat%20Ave%2C%20San%20Francisco%2C%20CA%2094110!5e0!3m2!1sen!2sus!4v1616095184677!5m2!1sen!2sus\" width=\"600\" height=\"450\" style=\"border:0;\" allowfullscreen=\"\" loading=\"lazy\"><\/iframe>\n<\/div>\n<\/div>\n","protected":false},"excerpt":{"rendered":"<p>\u00a1Nos encantar\u00eda escuchar de usted! AdmisionesPara obtener informaci\u00f3n general y las fechas de las pr\u00f3ximas sesiones informativas\u00a0haga clic aqu\u00ed o Env\u00edenos un correo electr\u00f3nico a\u00a0admissions@missionkidsco-op.org Donacionesdonations@missionkidsco-op.org&nbsp;(o&nbsp;donar en l\u00ednea). Recaudaci\u00f3n de fondos para el Spring Fiestaauction@missionkidsco-op.org &#8230;<\/p>\n","protected":false},"author":1,"featured_media":0,"parent":0,"menu_order":0,"comment_status":"closed","ping_status":"closed","template":"","meta":{"_acf_changed":false,"footnotes":""},"class_list":["post-618","page","type-page","status-publish","hentry"],"acf":[],"aioseo_notices":[],"_links":{"self":[{"href":"https:\/\/missionkidssf.org\/es\/wp-json\/wp\/v2\/pages\/618","targetHints":{"allow":["GET"]}}],"collection":[{"href":"https:\/\/missionkidssf.org\/es\/wp-json\/wp\/v2\/pages"}],"about":[{"href":"https:\/\/missionkidssf.org\/es\/wp-json\/wp\/v2\/types\/page"}],"author":[{"embeddable":true,"href":"https:\/\/missionkidssf.org\/es\/wp-json\/wp\/v2\/users\/1"}],"replies":[{"embeddable":true,"href":"https:\/\/missionkidssf.org\/es\/wp-json\/wp\/v2\/comments?post=618"}],"version-history":[{"count":8,"href":"https:\/\/missionkidssf.org\/es\/wp-json\/wp\/v2\/pages\/618\/revisions"}],"predecessor-version":[{"id":3032,"href":"https:\/\/missionkidssf.org\/es\/wp-json\/wp\/v2\/pages\/618\/revisions\/3032"}],"wp:attachment":[{"href":"https:\/\/missionkidssf.org\/es\/wp-json\/wp\/v2\/media?parent=618"}],"curies":[{"name":"wp","href":"https:\/\/api.w.org\/{rel}","templated":true}]}}