{"id":620,"date":"2020-09-06T19:32:37","date_gmt":"2020-09-07T02:32:37","guid":{"rendered":"https:\/\/missionkidssf.org\/?page_id=620"},"modified":"2021-03-21T09:29:47","modified_gmt":"2021-03-21T16:29:47","slug":"programa","status":"publish","type":"page","link":"https:\/\/missionkidssf.org\/es\/programa\/","title":{"rendered":"Programa"},"content":{"rendered":"\n<h4 class=\"wp-block-heading\">Centrada en el ni\u00f1o y basada en el juego<\/h4>\n\n\n\n<p>Nuestro objetivo es brindar y mejorar continuamente los servicios de educaci\u00f3n y cuidado infantil de la m\u00e1s alta calidad en un clima de respeto por los ni\u00f1os y sus familias.<\/p>\n\n\n\n<div class=\"wp-block-columns is-layout-flex wp-container-core-columns-is-layout-9d6595d7 wp-block-columns-is-layout-flex\">\n<div class=\"wp-block-column is-layout-flow wp-block-column-is-layout-flow\">\n<figure class=\"wp-block-image size-large is-style-default\"><img loading=\"lazy\" decoding=\"async\" width=\"1024\" height=\"1024\" src=\"https:\/\/missionkidssf.org\/wp-content\/uploads\/2021\/02\/180126_1125_MK_116-1024x1024.jpg\" alt=\"\" class=\"wp-image-1177\" srcset=\"https:\/\/missionkidssf.org\/wp-content\/uploads\/2021\/02\/180126_1125_MK_116-1024x1024.jpg 1024w, https:\/\/missionkidssf.org\/wp-content\/uploads\/2021\/02\/180126_1125_MK_116-300x300.jpg 300w, https:\/\/missionkidssf.org\/wp-content\/uploads\/2021\/02\/180126_1125_MK_116-150x150.jpg 150w, https:\/\/missionkidssf.org\/wp-content\/uploads\/2021\/02\/180126_1125_MK_116-768x768.jpg 768w, https:\/\/missionkidssf.org\/wp-content\/uploads\/2021\/02\/180126_1125_MK_116-1536x1536.jpg 1536w, https:\/\/missionkidssf.org\/wp-content\/uploads\/2021\/02\/180126_1125_MK_116-2048x2048.jpg 2048w\" sizes=\"auto, (max-width: 1024px) 100vw, 1024px\" \/><\/figure>\n<\/div>\n\n\n\n<div class=\"wp-block-column is-vertically-aligned-center is-layout-flow wp-block-column-is-layout-flow\">\n<p><strong>Fomenta <\/strong>el sentido de libertad y el entusiasmo de los ni\u00f1os por la vida y el aprendizaje.<\/p>\n\n\n\n<hr class=\"wp-block-separator\"\/>\n\n\n\n<p><strong>Ayuda <\/strong>a los ni\u00f1os a desarrollar y mantener su confianza, competencia y autoestima, fomentando un comportamiento amable, compasivo y emp\u00e1tico.<\/p>\n\n\n\n<hr class=\"wp-block-separator\"\/>\n\n\n\n<p><strong>Asegura <\/strong>que los ni\u00f1os reconozcan y aprecien la diversidad en todas sus formas: en la naturaleza, el pensamiento, las familias y las comunidades.<\/p>\n<\/div>\n<\/div>\n\n\n\n<div class=\"wp-block-columns is-layout-flex wp-container-core-columns-is-layout-9d6595d7 wp-block-columns-is-layout-flex\">\n<div class=\"wp-block-column is-vertically-aligned-center is-layout-flow wp-block-column-is-layout-flow\">\n<p><strong>Valora<\/strong> la importancia de construir una comunidad dentro de la escuela, el Distrito de la Misi\u00f3n y el \u00c1rea de la Bah\u00eda de San Francisco en general.<\/p>\n\n\n\n<hr class=\"wp-block-separator\"\/>\n\n\n\n<p><strong>Instruye <\/strong>a los ni\u00f1os a articular y apreciar sus propios sentimientos y los sentimientos de los dem\u00e1s.<\/p>\n\n\n\n<hr class=\"wp-block-separator\"\/>\n\n\n\n<p><strong>Ense\u00f1a <\/strong>a los ni\u00f1os a resolver conflictos mediante la pr\u00e1ctica de la comunicaci\u00f3n y las habilidades de resoluci\u00f3n colaborativa de problemas.<\/p>\n<\/div>\n\n\n\n<div class=\"wp-block-column is-layout-flow wp-block-column-is-layout-flow\">\n<figure class=\"wp-block-image size-large\"><img loading=\"lazy\" decoding=\"async\" width=\"1024\" height=\"697\" src=\"https:\/\/missionkidssf.org\/wp-content\/uploads\/2021\/02\/IMG_1375-1-1024x697.jpeg\" alt=\"\" class=\"wp-image-1331\"\/><\/figure>\n<\/div>\n<\/div>\n\n\n\n<div class=\"wp-block-columns is-layout-flex wp-container-core-columns-is-layout-9d6595d7 wp-block-columns-is-layout-flex\">\n<div class=\"wp-block-column is-layout-flow wp-block-column-is-layout-flow\">\n<figure class=\"wp-block-image size-large is-style-default\"><img loading=\"lazy\" decoding=\"async\" width=\"1024\" height=\"768\" src=\"https:\/\/missionkidssf.org\/wp-content\/uploads\/2021\/02\/IMG_1368-1-1024x768.jpeg\" alt=\"\" class=\"wp-image-1326\" srcset=\"https:\/\/missionkidssf.org\/wp-content\/uploads\/2021\/02\/IMG_1368-1-1024x768.jpeg 1024w, https:\/\/missionkidssf.org\/wp-content\/uploads\/2021\/02\/IMG_1368-1-300x225.jpeg 300w, https:\/\/missionkidssf.org\/wp-content\/uploads\/2021\/02\/IMG_1368-1-768x576.jpeg 768w, https:\/\/missionkidssf.org\/wp-content\/uploads\/2021\/02\/IMG_1368-1-1536x1152.jpeg 1536w, https:\/\/missionkidssf.org\/wp-content\/uploads\/2021\/02\/IMG_1368-1.jpeg 1920w\" sizes=\"auto, (max-width: 1024px) 100vw, 1024px\" \/><\/figure>\n<\/div>\n\n\n\n<div class=\"wp-block-column is-vertically-aligned-center is-layout-flow wp-block-column-is-layout-flow\">\n<p><strong>Reconoce <\/strong>la importancia de celebrar el multiculturalismo valorando el idioma del hogar y ofreciendo programaci\u00f3n biling\u00fce en espa\u00f1ol.<\/p>\n\n\n\n<hr class=\"wp-block-separator\"\/>\n\n\n\n<p><strong>Brinda <\/strong>oportunidades de aprendizaje en todos los dominios, incluidas las habilidades sociales, cognitivas, del lenguaje y motoras.<\/p>\n\n\n\n<hr class=\"wp-block-separator\"\/>\n\n\n\n<p><strong>Avance <\/strong>el crecimiento y el desarrollo de cada ni\u00f1o de una manera y a un ritmo adaptaba espec\u00edficamente  para sus necesidades.<\/p>\n<\/div>\n<\/div>\n\n\n\n<h2 class=\"wp-block-heading\"><strong>Misi\u00f3n<\/strong><\/h2>\n\n\n\n<p>Mission Kids brinda atenci\u00f3n y educaci\u00f3n temprana biling\u00fce, multicultural y basada en la comunidad excepcional, que fomenta el respeto y el amor por el aprendizaje, para generar ingresos para las diversas familias de San Francisco.<\/p>\n\n\n\n<h2 class=\"wp-block-heading\"><strong>Filosof\u00eda<\/strong><\/h2>\n\n\n\n<p>Mission Kids es un preescolar inclusivo impulsado por la indagaci\u00f3n que nutre el crecimiento f\u00edsico, emocional, social e intelectual de cada estudiante. Nuestro plan de estudios emergente y basado en el juego fomenta la compasi\u00f3n, la curiosidad, la independencia y el amor por el aprendizaje.<\/p>\n\n\n\n<p>Creemos que las relaciones y la comunidad son los pilares para que los ni\u00f1os y las familias prosperen. Las familias trabajan en equipo con los maestros para extender el aprendizaje en la escuela y fuera del aula.<\/p>\n\n\n\n<div class=\"wp-block-buttons is-content-justification-center is-layout-flex wp-block-buttons-is-layout-flex\">\n<div class=\"wp-block-button is-style-fill\"><a class=\"wp-block-button__link has-text-color has-background\" href=\"https:\/\/missionkidssf.org\/es\/admisiones\/\" style=\"border-radius:4px;background-color:#509e2f;color:#fffffa\">Iniciar solicitud de admisi\u00f3n<\/a><\/div>\n\n\n\n<div class=\"wp-block-button is-style-outline is-style-outline--1\"><a class=\"wp-block-button__link has-text-color\" href=\"\/es\/contactenos\/\" style=\"border-radius:4px;color:#509e2f\">Contacta<\/a><\/div>\n<\/div>\n\n\n\n<p><\/p>\n","protected":false},"excerpt":{"rendered":"<p>Centrada en el ni\u00f1o y basada en el juego Nuestro objetivo es brindar y mejorar continuamente los servicios de educaci\u00f3n y cuidado infantil de la m\u00e1s alta calidad en un clima de respeto por los &#8230;<\/p>\n","protected":false},"author":1,"featured_media":1839,"parent":0,"menu_order":0,"comment_status":"closed","ping_status":"closed","template":"","meta":{"_acf_changed":false,"footnotes":""},"class_list":["post-620","page","type-page","status-publish","has-post-thumbnail","hentry"],"acf":[],"aioseo_notices":[],"_links":{"self":[{"href":"https:\/\/missionkidssf.org\/es\/wp-json\/wp\/v2\/pages\/620","targetHints":{"allow":["GET"]}}],"collection":[{"href":"https:\/\/missionkidssf.org\/es\/wp-json\/wp\/v2\/pages"}],"about":[{"href":"https:\/\/missionkidssf.org\/es\/wp-json\/wp\/v2\/types\/page"}],"author":[{"embeddable":true,"href":"https:\/\/missionkidssf.org\/es\/wp-json\/wp\/v2\/users\/1"}],"replies":[{"embeddable":true,"href":"https:\/\/missionkidssf.org\/es\/wp-json\/wp\/v2\/comments?post=620"}],"version-history":[{"count":7,"href":"https:\/\/missionkidssf.org\/es\/wp-json\/wp\/v2\/pages\/620\/revisions"}],"predecessor-version":[{"id":2966,"href":"https:\/\/missionkidssf.org\/es\/wp-json\/wp\/v2\/pages\/620\/revisions\/2966"}],"wp:featuredmedia":[{"embeddable":true,"href":"https:\/\/missionkidssf.org\/es\/wp-json\/wp\/v2\/media\/1839"}],"wp:attachment":[{"href":"https:\/\/missionkidssf.org\/es\/wp-json\/wp\/v2\/media?parent=620"}],"curies":[{"name":"wp","href":"https:\/\/api.w.org\/{rel}","templated":true}]}}