{"id":622,"date":"2020-09-20T14:14:46","date_gmt":"2020-09-20T21:14:46","guid":{"rendered":"https:\/\/missionkidssf.org\/?page_id=622"},"modified":"2021-03-22T17:57:54","modified_gmt":"2021-03-23T00:57:54","slug":"excursiones","status":"publish","type":"page","link":"https:\/\/missionkidssf.org\/es\/programa\/excursiones\/","title":{"rendered":"Excursiones"},"content":{"rendered":"\n<h2 class=\"wp-block-heading\"><strong>Salidas Comunitarias<\/strong><\/h2>\n\n\n\n<p>Las excursiones comunitarias son una parte importante de la vida en Mission Kids. Viajamos a pie, en autom\u00f3vil, autob\u00fas y tren para explorar y celebrar la riqueza y diversidad de nuestro incre\u00edble vecindario .<\/p>\n\n\n\n<p>Estas excursiones preescolares expanden nuestras mentes y abren nuestros corazones, y recuerdan a una comunidad ocupada que los j\u00f3venes son esenciales para la estructura de una sociedad vibrante. Tambi\u00e9n nos inspiran a tomar un papel activo en las actividades p\u00fablicas y ofrecen oportunidades para practicar las habilidades necesarias para navegar por un gran mundo. Vea a continuaci\u00f3n un breve recorrido por algunas de nuestras fant\u00e1sticas aventuras.<\/p>\n\n\n\n<div class=\"wp-block-columns outings-block is-layout-flex wp-container-core-columns-is-layout-9d6595d7 wp-block-columns-is-layout-flex\">\n<div class=\"wp-block-column is-layout-flow wp-block-column-is-layout-flow\">\n<h3 class=\"wp-block-heading\">Destinos de excursiones<\/h3>\n\n\n\n<ul class=\"wp-block-list\"><li>Bay Area Discovery Museum<\/li><li>Bernal Hill<\/li><li>Bernal Hill Library<\/li><li>Bikes on Black Top&nbsp;<\/li><li>Buddhist Temple<\/li><li>Cable Car Museum<\/li><li>CA Academy of Science<\/li><li>Chabot Space and Science Center<\/li><li>Chinatown<\/li><li>City Hall<\/li><li>Clancy\u2019s Pumpkin Farm<\/li><li>Coast Guard<\/li><li>Conservatory of Flowers<\/li><li>Crissy Field<\/li><li>CuriOdyssey<\/li><li>Dia de los Muertos Altars<\/li><li>Dolores Park<\/li><li>Dolores Street Community Shelter<\/li><li>Dynamo Doughnuts<\/li><li>Embarcadero<\/li><li>Exploratorium<\/li><li>Fairmont Hotel<\/li><li>Fairy Land<\/li><li>Fillmore District<\/li><li>Fire Department<\/li><li>Fitzgerald Marine Resort<\/li><li>Garfield Park<\/li><li>Glen Park Canyon<\/li><li>Golden Gate Playground<\/li><li>Hidden Villa<\/li><li>Holly Park&nbsp;<\/li><li>In Chan Kaajal Park<\/li><li>James Rolph Jr Playground<\/li><li>Japantown<\/li><li>Jose Coronado Playground<\/li><li>McLaren Park<\/li><li>Mission Cultural Center<\/li><li>Mission Library<\/li><li>Mission Minis<\/li><li>Mission Playground<\/li><li>Mission Rec Center<\/li><li>Parque Ninos Unidos<\/li><li>Planet Bee Foundation<\/li><li>Potrero del Sol Park<\/li><li>Precita Park<\/li><li>Randall Museum<\/li><li>Rinconada Pool<\/li><li>San Francisco Maritime National Historical Park<\/li><li>SF Main Library, Story Time<\/li><li>SF Zoo<\/li><li>Slide Ranch<\/li><li>St. Martin de Porres Hospitality House<\/li><li>Stern Grove<\/li><li>The Marine Mammal Center<\/li><li>Yerba Buena Bowling<\/li><li>Yerba Buena Park<\/li><\/ul>\n<\/div>\n\n\n\n<div class=\"wp-block-column is-layout-flow wp-block-column-is-layout-flow\">\n<div class=\"alignnormal\"><div id=\"metaslider-id-875\" style=\"width: 100%; margin: 0 auto;\" class=\"ml-slider-3-109-0 metaslider metaslider-flex metaslider-875 ml-slider has-dots-nav ms-theme-default\" role=\"region\" aria-label=\"Field Trips &amp; Outings\" data-height=\"350\" data-width=\"700\">\n    <div id=\"metaslider_container_875\">\n        <div id=\"metaslider_875\">\n            <ul class='slides'>\n                <li style=\"display: block; width: 100%;\" class=\"slide-876 ms-image \" aria-roledescription=\"slide\" data-date=\"2021-01-31 19:41:11\" data-filename=\"homepage-team.jpg\" data-slide-type=\"image\"><img loading=\"lazy\" decoding=\"async\" width=\"800\" height=\"800\" src=\"https:\/\/missionkidssf.org\/wp-content\/uploads\/2020\/10\/homepage-team.jpg\" class=\"slider-875 slide-876 msDefaultImage\" alt=\"\" rel=\"\" title=\"\" srcset=\"https:\/\/missionkidssf.org\/wp-content\/uploads\/2020\/10\/homepage-team.jpg 800w, https:\/\/missionkidssf.org\/wp-content\/uploads\/2020\/10\/homepage-team-300x300.jpg 300w, https:\/\/missionkidssf.org\/wp-content\/uploads\/2020\/10\/homepage-team-150x150.jpg 150w, https:\/\/missionkidssf.org\/wp-content\/uploads\/2020\/10\/homepage-team-768x768.jpg 768w\" sizes=\"auto, (max-width: 800px) 100vw, 800px\" \/><\/li>\n                <li style=\"display: none; width: 100%;\" class=\"slide-877 ms-image \" aria-roledescription=\"slide\" data-date=\"2021-01-31 19:41:36\" data-filename=\"FieldTrip1.jpg\" data-slide-type=\"image\"><img loading=\"lazy\" decoding=\"async\" width=\"1920\" height=\"1440\" src=\"https:\/\/missionkidssf.org\/wp-content\/uploads\/2021\/02\/FieldTrip1.jpg\" class=\"slider-875 slide-877 msDefaultImage\" alt=\"\" rel=\"\" title=\"FieldTrip1\" srcset=\"https:\/\/missionkidssf.org\/wp-content\/uploads\/2021\/02\/FieldTrip1.jpg 1920w, https:\/\/missionkidssf.org\/wp-content\/uploads\/2021\/02\/FieldTrip1-300x225.jpg 300w, https:\/\/missionkidssf.org\/wp-content\/uploads\/2021\/02\/FieldTrip1-1024x768.jpg 1024w, https:\/\/missionkidssf.org\/wp-content\/uploads\/2021\/02\/FieldTrip1-768x576.jpg 768w, https:\/\/missionkidssf.org\/wp-content\/uploads\/2021\/02\/FieldTrip1-1536x1152.jpg 1536w\" sizes=\"auto, (max-width: 1920px) 100vw, 1920px\" \/><\/li>\n                <li style=\"display: none; width: 100%;\" class=\"slide-1207 ms-image \" aria-roledescription=\"slide\" data-date=\"2021-02-16 20:51:45\" data-filename=\"191004_MKSlideRanch_0006.jpg\" data-slide-type=\"image\"><img loading=\"lazy\" decoding=\"async\" width=\"2000\" height=\"1333\" src=\"https:\/\/missionkidssf.org\/wp-content\/uploads\/2021\/02\/191004_MKSlideRanch_0006.jpg\" class=\"slider-875 slide-1207 msDefaultImage\" alt=\"\" rel=\"\" title=\"191004_MKSlideRanch_0006\" srcset=\"https:\/\/missionkidssf.org\/wp-content\/uploads\/2021\/02\/191004_MKSlideRanch_0006.jpg 2000w, https:\/\/missionkidssf.org\/wp-content\/uploads\/2021\/02\/191004_MKSlideRanch_0006-300x200.jpg 300w, https:\/\/missionkidssf.org\/wp-content\/uploads\/2021\/02\/191004_MKSlideRanch_0006-1024x682.jpg 1024w, https:\/\/missionkidssf.org\/wp-content\/uploads\/2021\/02\/191004_MKSlideRanch_0006-768x512.jpg 768w, https:\/\/missionkidssf.org\/wp-content\/uploads\/2021\/02\/191004_MKSlideRanch_0006-1536x1024.jpg 1536w\" sizes=\"auto, (max-width: 2000px) 100vw, 2000px\" \/><\/li>\n                <li style=\"display: none; width: 100%;\" class=\"slide-1216 ms-image \" aria-roledescription=\"slide\" data-date=\"2021-02-16 20:57:21\" data-filename=\"191004_MKSlideRanch_0066.jpg\" data-slide-type=\"image\"><img loading=\"lazy\" decoding=\"async\" width=\"2000\" height=\"1333\" src=\"https:\/\/missionkidssf.org\/wp-content\/uploads\/2021\/02\/191004_MKSlideRanch_0066.jpg\" class=\"slider-875 slide-1216 msDefaultImage\" alt=\"\" rel=\"\" title=\"191004_MKSlideRanch_0066\" srcset=\"https:\/\/missionkidssf.org\/wp-content\/uploads\/2021\/02\/191004_MKSlideRanch_0066.jpg 2000w, https:\/\/missionkidssf.org\/wp-content\/uploads\/2021\/02\/191004_MKSlideRanch_0066-300x200.jpg 300w, https:\/\/missionkidssf.org\/wp-content\/uploads\/2021\/02\/191004_MKSlideRanch_0066-1024x682.jpg 1024w, https:\/\/missionkidssf.org\/wp-content\/uploads\/2021\/02\/191004_MKSlideRanch_0066-768x512.jpg 768w, https:\/\/missionkidssf.org\/wp-content\/uploads\/2021\/02\/191004_MKSlideRanch_0066-1536x1024.jpg 1536w\" sizes=\"auto, (max-width: 2000px) 100vw, 2000px\" \/><\/li>\n                <li style=\"display: none; width: 100%;\" class=\"slide-1228 ms-image \" aria-roledescription=\"slide\" data-date=\"2021-02-16 21:22:01\" data-filename=\"FieldTrip3-2.jpg\" data-slide-type=\"image\"><img loading=\"lazy\" decoding=\"async\" width=\"1920\" height=\"1440\" src=\"https:\/\/missionkidssf.org\/wp-content\/uploads\/2021\/02\/FieldTrip3-2.jpg\" class=\"slider-875 slide-1228 msDefaultImage\" alt=\"\" rel=\"\" title=\"FieldTrip3\" srcset=\"https:\/\/missionkidssf.org\/wp-content\/uploads\/2021\/02\/FieldTrip3-2.jpg 1920w, https:\/\/missionkidssf.org\/wp-content\/uploads\/2021\/02\/FieldTrip3-2-300x225.jpg 300w, https:\/\/missionkidssf.org\/wp-content\/uploads\/2021\/02\/FieldTrip3-2-1024x768.jpg 1024w, https:\/\/missionkidssf.org\/wp-content\/uploads\/2021\/02\/FieldTrip3-2-768x576.jpg 768w, https:\/\/missionkidssf.org\/wp-content\/uploads\/2021\/02\/FieldTrip3-2-1536x1152.jpg 1536w\" sizes=\"auto, (max-width: 1920px) 100vw, 1920px\" \/><\/li>\n                <li style=\"display: none; width: 100%;\" class=\"slide-1231 ms-image \" aria-roledescription=\"slide\" data-date=\"2021-02-16 21:23:00\" data-filename=\"MK_Science_0028.jpg\" data-slide-type=\"image\"><img loading=\"lazy\" decoding=\"async\" width=\"1440\" height=\"1080\" src=\"https:\/\/missionkidssf.org\/wp-content\/uploads\/2021\/02\/MK_Science_0028.jpg\" class=\"slider-875 slide-1231 msDefaultImage\" alt=\"\" rel=\"\" title=\"MK_Science_0028\" srcset=\"https:\/\/missionkidssf.org\/wp-content\/uploads\/2021\/02\/MK_Science_0028.jpg 1440w, https:\/\/missionkidssf.org\/wp-content\/uploads\/2021\/02\/MK_Science_0028-300x225.jpg 300w, https:\/\/missionkidssf.org\/wp-content\/uploads\/2021\/02\/MK_Science_0028-1024x768.jpg 1024w, https:\/\/missionkidssf.org\/wp-content\/uploads\/2021\/02\/MK_Science_0028-768x576.jpg 768w\" sizes=\"auto, (max-width: 1440px) 100vw, 1440px\" \/><\/li>\n                <li style=\"display: none; width: 100%;\" class=\"slide-1395 ms-image \" aria-roledescription=\"slide\" data-date=\"2021-02-27 22:45:07\" data-filename=\"FieldTrip2.jpg\" data-slide-type=\"image\"><img loading=\"lazy\" decoding=\"async\" width=\"1920\" height=\"1440\" src=\"https:\/\/missionkidssf.org\/wp-content\/uploads\/2021\/02\/FieldTrip2.jpg\" class=\"slider-875 slide-1395 msDefaultImage\" alt=\"\" rel=\"\" title=\"FieldTrip2\" srcset=\"https:\/\/missionkidssf.org\/wp-content\/uploads\/2021\/02\/FieldTrip2.jpg 1920w, https:\/\/missionkidssf.org\/wp-content\/uploads\/2021\/02\/FieldTrip2-300x225.jpg 300w, https:\/\/missionkidssf.org\/wp-content\/uploads\/2021\/02\/FieldTrip2-1024x768.jpg 1024w, https:\/\/missionkidssf.org\/wp-content\/uploads\/2021\/02\/FieldTrip2-768x576.jpg 768w, https:\/\/missionkidssf.org\/wp-content\/uploads\/2021\/02\/FieldTrip2-1536x1152.jpg 1536w\" sizes=\"auto, (max-width: 1920px) 100vw, 1920px\" \/><\/li>\n                <li style=\"display: none; width: 100%;\" class=\"slide-1398 ms-image \" aria-roledescription=\"slide\" data-date=\"2021-02-27 22:45:36\" data-filename=\"MK_Buddhist_0019.jpg\" data-slide-type=\"image\"><img loading=\"lazy\" decoding=\"async\" width=\"1440\" height=\"1080\" src=\"https:\/\/missionkidssf.org\/wp-content\/uploads\/2021\/02\/MK_Buddhist_0019.jpg\" class=\"slider-875 slide-1398 msDefaultImage\" alt=\"\" rel=\"\" title=\"MK_Buddhist_0019\" srcset=\"https:\/\/missionkidssf.org\/wp-content\/uploads\/2021\/02\/MK_Buddhist_0019.jpg 1440w, https:\/\/missionkidssf.org\/wp-content\/uploads\/2021\/02\/MK_Buddhist_0019-300x225.jpg 300w, https:\/\/missionkidssf.org\/wp-content\/uploads\/2021\/02\/MK_Buddhist_0019-1024x768.jpg 1024w, https:\/\/missionkidssf.org\/wp-content\/uploads\/2021\/02\/MK_Buddhist_0019-768x576.jpg 768w\" sizes=\"auto, (max-width: 1440px) 100vw, 1440px\" \/><\/li>\n                <li style=\"display: none; width: 100%;\" class=\"slide-1422 ms-image \" aria-roledescription=\"slide\" data-date=\"2021-03-02 13:44:55\" data-filename=\"181002_1035_MK_279-scaled.jpg\" data-slide-type=\"image\"><img loading=\"lazy\" decoding=\"async\" width=\"2560\" height=\"1920\" src=\"https:\/\/missionkidssf.org\/wp-content\/uploads\/2021\/03\/181002_1035_MK_279-scaled.jpg\" class=\"slider-875 slide-1422 msDefaultImage\" alt=\"\" rel=\"\" title=\"181002_1035_MK_279\" srcset=\"https:\/\/missionkidssf.org\/wp-content\/uploads\/2021\/03\/181002_1035_MK_279-scaled.jpg 2560w, https:\/\/missionkidssf.org\/wp-content\/uploads\/2021\/03\/181002_1035_MK_279-300x225.jpg 300w, https:\/\/missionkidssf.org\/wp-content\/uploads\/2021\/03\/181002_1035_MK_279-1024x768.jpg 1024w, https:\/\/missionkidssf.org\/wp-content\/uploads\/2021\/03\/181002_1035_MK_279-768x576.jpg 768w, https:\/\/missionkidssf.org\/wp-content\/uploads\/2021\/03\/181002_1035_MK_279-1536x1152.jpg 1536w, https:\/\/missionkidssf.org\/wp-content\/uploads\/2021\/03\/181002_1035_MK_279-2048x1536.jpg 2048w\" sizes=\"auto, (max-width: 2560px) 100vw, 2560px\" \/><\/li>\n            <\/ul>\n        <\/div>\n        \n    <\/div>\n<\/div><\/div>\n<\/div>\n<\/div>\n\n\n\n<div class=\"wp-block-buttons is-content-justification-center is-layout-flex wp-block-buttons-is-layout-flex\">\n<div class=\"wp-block-button\"><a class=\"wp-block-button__link has-background\" href=\"\/es\/programa\/\" style=\"border-radius:4px;background-color:#509e2f\">Obtenga m\u00e1s informaci\u00f3n sobre nuestro programa<\/a><\/div>\n<\/div>\n\n\n\n<p><\/p>\n","protected":false},"excerpt":{"rendered":"<p>Salidas Comunitarias Las excursiones comunitarias son una parte importante de la vida en Mission Kids. Viajamos a pie, en autom\u00f3vil, autob\u00fas y tren para explorar y celebrar la riqueza y diversidad de nuestro incre\u00edble vecindario &#8230;<\/p>\n","protected":false},"author":1,"featured_media":1225,"parent":620,"menu_order":0,"comment_status":"closed","ping_status":"closed","template":"","meta":{"_acf_changed":false,"footnotes":""},"class_list":["post-622","page","type-page","status-publish","has-post-thumbnail","hentry"],"acf":[],"aioseo_notices":[],"_links":{"self":[{"href":"https:\/\/missionkidssf.org\/es\/wp-json\/wp\/v2\/pages\/622","targetHints":{"allow":["GET"]}}],"collection":[{"href":"https:\/\/missionkidssf.org\/es\/wp-json\/wp\/v2\/pages"}],"about":[{"href":"https:\/\/missionkidssf.org\/es\/wp-json\/wp\/v2\/types\/page"}],"author":[{"embeddable":true,"href":"https:\/\/missionkidssf.org\/es\/wp-json\/wp\/v2\/users\/1"}],"replies":[{"embeddable":true,"href":"https:\/\/missionkidssf.org\/es\/wp-json\/wp\/v2\/comments?post=622"}],"version-history":[{"count":6,"href":"https:\/\/missionkidssf.org\/es\/wp-json\/wp\/v2\/pages\/622\/revisions"}],"predecessor-version":[{"id":2968,"href":"https:\/\/missionkidssf.org\/es\/wp-json\/wp\/v2\/pages\/622\/revisions\/2968"}],"up":[{"embeddable":true,"href":"https:\/\/missionkidssf.org\/es\/wp-json\/wp\/v2\/pages\/620"}],"wp:featuredmedia":[{"embeddable":true,"href":"https:\/\/missionkidssf.org\/es\/wp-json\/wp\/v2\/media\/1225"}],"wp:attachment":[{"href":"https:\/\/missionkidssf.org\/es\/wp-json\/wp\/v2\/media?parent=622"}],"curies":[{"name":"wp","href":"https:\/\/api.w.org\/{rel}","templated":true}]}}