{"id":624,"date":"2020-09-20T14:16:06","date_gmt":"2020-09-20T21:16:06","guid":{"rendered":"https:\/\/missionkidssf.org\/?page_id=624"},"modified":"2025-06-21T16:02:26","modified_gmt":"2025-06-21T23:02:26","slug":"preguntas-mas-frecuentes","status":"publish","type":"page","link":"https:\/\/missionkidssf.org\/es\/programa\/preguntas-mas-frecuentes\/","title":{"rendered":"Preguntas m\u00e1s frecuentes"},"content":{"rendered":"\n<h2 class=\"wp-block-heading\">Admisiones y matr\u00edcula<\/h2>\n\n\n\n<h3 class=\"wp-block-heading\">\u00bfC\u00f3mo me inscribo en Mission Kids?<\/h3>\n\n\n\n<p>Visite nuestra <a href=\"\/es\/admisiones\/\" title=\"Admisiones\">p\u00e1gina de Admisiones<\/a> para conocer nuestro proceso de admisi\u00f3n de nuevos estudiantes.<\/p>\n\n\n\n<h3 class=\"wp-block-heading\">\u00bfQu\u00e9 edad debe tener mi hijo para ser aceptado en el preescolar de Mission Kids?<\/h3>\n\n\n\n<p>Mission Kids tiene licencia para atender a ni\u00f1os desde los 2 a\u00f1os hasta los que ingresan al primer grado. <\/p>\n\n\n\n<h3 class=\"wp-block-heading\">\u00bfC\u00f3mo funciona el grupo de espera?<\/h3>\n\n\n\n<p>El grupo de espera se utiliza para llenar las vacantes durante el a\u00f1o escolar, as\u00ed como para las vacantes de a\u00f1os futuros. No ordenamos a los solicitantes potenciales, ya que buscamos equilibrar las necesidades de las clases existentes de ni\u00f1os con ni\u00f1os que ser\u00edan complementos de esas aulas. Si est\u00e1 en el grupo de espera, no es necesario que vuelva a solicitar matricularse en a\u00f1os futuros. Se le pedir\u00e1 que confirme su inter\u00e9s continuo cada a\u00f1o y tambi\u00e9n podr\u00e1 enviarnos informaci\u00f3n actualizada.<\/p>\n\n\n\n<h3 class=\"wp-block-heading\">\u00bfCu\u00e1nto cuesta la matr\u00edcula por ni\u00f1o?<\/h3>\n\n\n\n<p>Hacemos que la matr\u00edcula sea asequible a trav\u00e9s de una serie de oportunidades de financiaci\u00f3n p\u00fablicas y privadas. Por lo general, al menos el 75% de nuestras familias reciben alg\u00fan tipo de reducci\u00f3n de la matr\u00edcula. La cantidad de reducci\u00f3n de matr\u00edcula se basa en la necesidad de la familia y la edad del ni\u00f1o, por lo tanto, las cantidades de matr\u00edcula se muestran como un rango en lugar de un n\u00famero espec\u00edfico:<\/p>\n\n\n\n<p><strong>2025-26 Escala de Matr\u00edcula:<\/strong> $0 &#8211; $15,804 (8:30 &#8211; 3:00)<\/p>\n\n\n\n<p><strong>Escala de matr\u00edcula para el D\u00eda Ampliado: <\/strong>$0 &#8211; $1600 (3:00 &#8211; 4:00)<\/p>\n\n\n\n<p>Puede ponerse en contacto con <a href=\"mailto:admissions@missionkidsco-op.org\">admissions@missionkidsco-op.org<\/a> para obtener m\u00e1s informaci\u00f3n sobre las oportunidades de matr\u00edcula reducida.<\/p>\n\n\n\n<h3 class=\"wp-block-heading\">\u00bfTienen becas o hay alguna otra fuente de financiaci\u00f3n para la matr\u00edcula?<\/h3>\n\n\n\n<p>Mission Kids se enorgullece de ser un sitio de Aprendizaje Temprano para Todos, lo que significa que recibimos fondos del Departamento de la Primera Infancia de la Ciudad de San Francisco para subvencionar la matr\u00edcula de la mayor\u00eda de nuestros estudiantes. Por favor, mire la <a href=\"https:\/\/missionkidssf.org\/2240-2-esp\/\" title=\"\">tabla de ingresos<\/a> a continuaci\u00f3n para ver si usted califica para la matr\u00edcula gratuita o reducida.<br><br>-Las bandas 1-3 suelen tener derecho a matr\u00edcula gratuita.<br>-Las bandas 4-5 suelen tener derecho a matr\u00edcula reducida.<br>-Las bandas 6-7 suelen pagar la matr\u00edcula completa.<br><br>P\u00f3ngase en contacto con <a href=\"mailto:admissions@missionkidsco-op.org\">admissions@missionkidsco-op.org<\/a> para obtener m\u00e1s informaci\u00f3n sobre c\u00f3mo solicitar ayudas para la matr\u00edcula.<\/p>\n\n\n\n<h3 class=\"wp-block-heading\">\u00bfC\u00f3mo puedo solicitar una beca o ayuda para el pago de la matr\u00edcula?<\/h3>\n\n\n\n<p>Para recibir fondos de la ciudad para la matr\u00edcula, debe completar un formulario de inscripci\u00f3n familiar y mostrar prueba de residencia en SF, prueba de ingresos de todos los cuidadores en el hogar y prueba de edad de todos los ni\u00f1os en su hogar.<\/p>\n\n\n\n<p>Para recibir la matr\u00edcula flexible de Mission Kids, debe completar un Formulario de matr\u00edcula flexible y mostrar prueba de ingresos y composici\u00f3n familiar.<\/p>\n\n\n\n<p>Ambos formularios ser\u00e1n proporcionados despu\u00e9s de que Mission Kids env\u00ede las decisiones de inscripci\u00f3n. Mission Kids se compromete a hacer posible la inscripci\u00f3n de todas las familias admitidas, independientemente de su capacidad de pago.<\/p>\n\n\n\n<h3 class=\"wp-block-heading\">\u00bfCu\u00e1ndo admite nuevos estudiantes y c\u00f3mo se toman las decisiones de inscripci\u00f3n?<\/h3>\n\n\n\n<p>A las familias se les ofrece admisi\u00f3n en primavera para comenzar al comienzo del a\u00f1o escolar a fines de agosto. Las familias con una solicitud archivada pueden ser consideradas para cualquier vacante que pueda estar disponible durante el a\u00f1o. Mission Kids basa las decisiones de inscripci\u00f3n en una serie de factores que incluyen la edad y el g\u00e9nero del ni\u00f1o y nuestro deseo de diversidad \u00e9tnica, idioma, capacidad, ingresos y composici\u00f3n familiar. Tambi\u00e9n consideramos la capacidad general de la familia para contribuir con tiempo, recursos y experiencia a la comunidad cooperativa.<\/p>\n\n\n\n<h2 class=\"wp-block-heading\">Plan de estudios y atenci\u00f3n al estudiante<\/h2>\n\n\n\n<h3 class=\"wp-block-heading\">\u00bfCu\u00e1les son las horas de funcionamiento?<\/h3>\n\n\n\n<ul class=\"wp-block-list\">\n<li>Asume un trabajo cooperativo familiar (por ejemplo, lavander\u00eda, mantenimiento, programaci\u00f3n, admisiones, etc.)<\/li>\n\n\n\n<li>Asiste a reuniones mensuales de miembros<\/li>\n\n\n\n<li>Voluntarios para los d\u00edas de mantenimiento, excursiones y asignaciones especiales durante todo el a\u00f1o.<\/li>\n\n\n\n<li>Participa en eventos y esfuerzos anuales de recaudaci\u00f3n de fondos<\/li>\n<\/ul>\n\n\n\n<p>Mission Kids est\u00e1 abierto de lunes a jueves.<\/p>\n\n\n\n<p>Abre 8:30-3:00 con opci\u00f3n de horario extendido hasta 4:00 por una cuota adicional.<\/p>\n\n\n\n<p>Las familias que reciben subsidios de la ciudad pueden asistir al programa de d\u00eda extendido sin costo adicional.<\/p>\n\n\n\n<p>Operamos todo el a\u00f1o. El a\u00f3 escolar empieza a finales de agosto y termina a principios del agosto siguiente. Observamos los d\u00edas feriados y recesos del Distrito Escolar Unificado de San Francisco (SFUSD).<\/p>\n\n\n\n<h3 class=\"wp-block-heading\">\u00bfQu\u00e9 es su plan de estudios?<\/h3>\n\n\n\n<p>Nuestro plan de estudios est\u00e1 dirigido por ni\u00f1os y se basa en filosof\u00edas de aprendizaje emergente y basado en el juego. Los adultos proporcionan la materia prima para la inspiraci\u00f3n y la estructura suficiente para que la mente de los ni\u00f1os prospere. Siempre hay opciones disponibles para los ni\u00f1os que no est\u00e1n interesados \u200b\u200ben la actividad principal del grupo. Creemos que lo m\u00e1s importante que deben aprender los ni\u00f1os de esta edad es la socializaci\u00f3n pac\u00edfica y la comunicaci\u00f3n positiva, e incorporamos esta creencia en todo lo que hacemos. Un d\u00eda t\u00edpico incluye una buena dosis de juego libre, actividades que se basan en las habilidades motoras gruesas y finas, merienda saludable, salidas en el vecindario, lectura en grupo, tiempo de descanso y m\u00e1s juegos. Estamos basados \u200b\u200ben la comunidad y nos basamos en nuestro entorno en busca de inspiraci\u00f3n y oportunidades de aprendizaje. La m\u00fasica, el lenguaje, el yoga, el arte, la cocina y el estudio de la naturaleza son conceptos presentados a los ni\u00f1os dentro del plan de estudios de Mission Kids.<\/p>\n\n\n\n<h3 class=\"wp-block-heading\">\u00bfQu\u00e9 tipo de gesti\u00f3n del aula utilizas?<\/h3>\n\n\n\n<p>Mission Kids promueve la resoluci\u00f3n pac\u00edfica de conflictos. Estamos comprometidos a empoderar a los ni\u00f1os para que resuelvan conflictos mediante la socializaci\u00f3n y la comunicaci\u00f3n basadas en la paz. Los ni\u00f1os aprenden a identificar y compartir sentimientos, practicar habilidades para escuchar y resolver problemas en colaboraci\u00f3n bajo la gu\u00eda de padres y maestros capacitados.<\/p>\n\n\n\n<h3 class=\"wp-block-heading\">\u00bfTiene un componente de lengua extranjera?<\/h3>\n\n\n\n<p>S\u00ed, Mission Kids es un programa biling\u00fce. De acuerdo con la herencia del Distrito de la Misi\u00f3n, el idioma espa\u00f1ol y la cultura latina se integran en las actividades diarias del sal\u00f3n (por ejemplo, libros, canciones, celebraciones culturales, excursiones, etc.). Adem\u00e1s, en Mission Kids se hablan muchos otros idiomas. Hemos tenido ni\u00f1os matriculados que son hablantes nativos de mandar\u00edn, japon\u00e9s, tagalo, franc\u00e9s, alem\u00e1n, hebreo, coreano, portugu\u00e9s, \u00e1rabe, suajili, polaco, checo y urdu. \u00a1Damos la bienvenida y celebramos todos los idiomas y culturas!<\/p>\n\n\n\n<h3 class=\"wp-block-heading\">\u00bfMission Kids apoya a los ni\u00f1os con diferencias en el aprendizaje?<\/h3>\n\n\n\n<p>Mission Kids apoya a todos los ni\u00f1os en todo el espectro de estilos de aprendizaje. Trabajamos de la mano con familias y especialistas externos para hacer que Mission Kids sea accesible para todos y un lugar para que todos los ni\u00f1os prosperen.<\/p>\n\n\n\n<h3 class=\"wp-block-heading\">\u00bfCu\u00e1l es la proporci\u00f3n de alumnos por maestro?<\/h3>\n\n\n\n<p>Nuestra proporci\u00f3n de adultos a ni\u00f1os es de 1: 5 o mejor en todo momento. <\/p>\n\n\n\n<h3 class=\"wp-block-heading\">\u00bfCu\u00e1ntos estudiantes hay en Mission Kids cada d\u00eda?<\/h3>\n\n\n\n<p>Tenemos seis salones de clases en nuestras nuevas instalaciones en 969 Treat. La inscripci\u00f3n cumple o supera las recomendaciones actuales de SFDPH sobre el tama\u00f1o de la cohorte.<\/p>\n\n\n\n<h3 class=\"wp-block-heading\">\u00bfOfrecen almuerzo en la escuela?<\/h3>\n\n\n\n<p>Ofrecemos una comida matutina nutritiva y org\u00e1nica a los estudiantes y les pedimos que traigan su propio almuerzo todos los d\u00edas.<\/p>\n\n\n\n<h3 class=\"wp-block-heading\">\u00bfProporcionas un bocadillo?<\/h3>\n\n\n\n<p>S\u00ed, Mission Kids sirve una comida matutina c\u00e1lida, abundante y saludable que consiste en granos integrales, frutas, vegetales y prote\u00ednas. Nuestros bocadillos son de temporada, cultivados localmente y org\u00e1nicos. Todos nuestros bocadillos se compran en los mercados de agricultores locales o en la cooperativa de comestibles Rainbow. Los ni\u00f1os traen su propio almuerzo<\/p>\n\n\n\n<h3 class=\"wp-block-heading\">\u00bfC\u00f3mo es el tiempo de tranquilidad en Mission Kids?<\/h3>\n\n\n\n<p>Despu\u00e9s del almuerzo y la lectura en grupo, comienza el tiempo de tranquilidad. Se cierran las cortinas y los ni\u00f1os pasan tiempo tranquilamente en sus colchonetas mientras suena m\u00fasica relajante. Hay libros y cuadernos disponibles para todos. Despu\u00e9s de unos 45 minutos, se invita a cualquier persona que no est\u00e9 dormida a empacar su colchoneta y jugar al aire libre. Los ni\u00f1os que se quedan dormidos se despiertan cuando est\u00e1n listos o los despertamos suavemente, seg\u00fan la preferencia de los padres y las necesidades individuales.<\/p>\n\n\n\n<h3 class=\"wp-block-heading\">\u00bfQu\u00e9 tipo de entrenamiento les ofrecen a los padres?<\/h3>\n\n\n\n<p>Cada reuni\u00f3n mensual consiste en asuntos escolares y educaci\u00f3n para padres. Se lleva a cabo una entrenamiento de orientaci\u00f3n antes del comienzo de cada sesi\u00f3n de oto\u00f1o, seguida de una entrenamiento posterior durante el a\u00f1o. La educaci\u00f3n de los padres se enfatiza fuertemente y es una prioridad en Mission Kids.<\/p>\n\n\n\n<h3 class=\"wp-block-heading\">\u00bfCu\u00e1l es su pol\u00edtica de vacunaci\u00f3n?<\/h3>\n\n\n\n<p>A partir del 1 de julio de 2016, la ley de California requiere que todos los ni\u00f1os est\u00e9n vacunados para asistir a preescolares, escuelas primarias y secundarias. Para inscribirse en Mission Kids, su hijo debe tener las pruebas requeridas de las vacunas. Puede encontrar m\u00e1s informaci\u00f3n sobre la Ley de inmunizaci\u00f3n escolar de California <a href=\"https:\/\/www.shotsforschool.org\/laws\/\" target=\"_blank\" rel=\"noreferrer noopener\">aqu\u00ed<\/a>. Puede encontrar informaci\u00f3n sobre los requisitos de edad espec\u00edficos para las vacunas <a href=\"https:\/\/www.shotsforschool.org\/child-care\/\" target=\"_blank\" rel=\"noreferrer noopener\">aqu\u00ed<\/a>.<br>Adem\u00e1s, a partir del 1 de septiembre de 2016, se requiere que todo el personal adulto y los voluntarios est\u00e9n vacunados. Esto incluye a cualquier persona que trabaje en un turno familiar de Mission Kids. Puede encontrar m\u00e1s informaci\u00f3n sobre este requisito de inmunizaci\u00f3n para adultos <a href=\"https:\/\/www.sccgov.org\/sites\/phd\/Pages\/phd.aspx\" target=\"_blank\" rel=\"noreferrer noopener\">aqu\u00ed<\/a>.<\/p>\n\n\n\n<h2 class=\"wp-block-heading\">Acerca de Mission Kids<\/h2>\n\n\n\n<h3 class=\"wp-block-heading\">\u00bfCu\u00e1ndo se fund\u00f3 Mission Kids?<\/h3>\n\n\n\n<p>Mission Kids se fund\u00f3 en 2009 y hemos estado operando durante m\u00e1s de una d\u00e9cada.<\/p>\n\n\n\n<h3 class=\"wp-block-heading\">\u00bfQui\u00e9n opera el preescolar?<\/h3>\n\n\n\n<p>Mission Kids est\u00e1 a cargo de una junta directiva, directores, personal y familias.<\/p>\n\n\n\n<h3 class=\"wp-block-heading\">\u00bfCu\u00e1les son los requisitos del turno familiar?<\/h3>\n\n\n\n<p>Las familias trabajan un turno de cuatro horas por semana durante el d\u00eda escolar para apoyar el sal\u00f3n de clases de sus hijos. Las familias que no puedan trabajar en el aula pueden elegir la opci\u00f3n de compra (ver m\u00e1s abajo) o solicitar un arreglo alternativo acordado por los directores.<\/p>\n\n\n\n<h3 class=\"wp-block-heading\">\u00bfPuede pagar una matr\u00edcula adicional en lugar de los turnos de trabajo en el aula?<\/h3>\n\n\n\n<p>S\u00ed, la tarifa de compra es de $ 4,800 por a\u00f1o. Las compras parciales est\u00e1n disponibles para las familias que no pueden trabajar un turno cada semana. Las familias que optan por una compra total a\u00fan deben apoyar a la escuela manteniendo un trabajo en una cooperativa familiar (ver m\u00e1s abajo).<\/p>\n\n\n\n<h3 class=\"wp-block-heading\">\u00bfQu\u00e9 trabajo adicional se requiere como miembro de Mission Kids?<\/h3>\n\n\n\n<p>Adem\u00e1s del requisito de turno familiar anterior, cada familia:<\/p>\n\n\n\n<ul class=\"wp-block-list\">\n<li>Takes on a family co-op job (e.g. laundry, maintenance, scheduling, admissions, etc.)<\/li>\n\n\n\n<li>Attends monthly member meetings<\/li>\n\n\n\n<li>Volunteers for maintenance days, field trips, and special assignments throughout the year<\/li>\n\n\n\n<li>Participates in annual fundraising efforts and events<\/li>\n<\/ul>\n","protected":false},"excerpt":{"rendered":"<p>Admisiones y matr\u00edcula \u00bfC\u00f3mo me inscribo en Mission Kids? Visite nuestra p\u00e1gina de Admisiones para conocer nuestro proceso de admisi\u00f3n de nuevos estudiantes. \u00bfQu\u00e9 edad debe tener mi hijo para ser aceptado en el preescolar &#8230;<\/p>\n","protected":false},"author":1,"featured_media":0,"parent":620,"menu_order":0,"comment_status":"closed","ping_status":"closed","template":"templates\/page-faq.php","meta":{"_acf_changed":false,"footnotes":""},"class_list":["post-624","page","type-page","status-publish","hentry"],"acf":[],"aioseo_notices":[],"_links":{"self":[{"href":"https:\/\/missionkidssf.org\/es\/wp-json\/wp\/v2\/pages\/624","targetHints":{"allow":["GET"]}}],"collection":[{"href":"https:\/\/missionkidssf.org\/es\/wp-json\/wp\/v2\/pages"}],"about":[{"href":"https:\/\/missionkidssf.org\/es\/wp-json\/wp\/v2\/types\/page"}],"author":[{"embeddable":true,"href":"https:\/\/missionkidssf.org\/es\/wp-json\/wp\/v2\/users\/1"}],"replies":[{"embeddable":true,"href":"https:\/\/missionkidssf.org\/es\/wp-json\/wp\/v2\/comments?post=624"}],"version-history":[{"count":17,"href":"https:\/\/missionkidssf.org\/es\/wp-json\/wp\/v2\/pages\/624\/revisions"}],"predecessor-version":[{"id":3371,"href":"https:\/\/missionkidssf.org\/es\/wp-json\/wp\/v2\/pages\/624\/revisions\/3371"}],"up":[{"embeddable":true,"href":"https:\/\/missionkidssf.org\/es\/wp-json\/wp\/v2\/pages\/620"}],"wp:attachment":[{"href":"https:\/\/missionkidssf.org\/es\/wp-json\/wp\/v2\/media?parent=624"}],"curies":[{"name":"wp","href":"https:\/\/api.w.org\/{rel}","templated":true}]}}