{"id":637,"date":"2020-09-20T14:17:24","date_gmt":"2020-09-20T21:17:24","guid":{"rendered":"https:\/\/missionkidssf.org\/?page_id=637"},"modified":"2023-01-29T21:44:30","modified_gmt":"2023-01-30T05:44:30","slug":"compre-para-apoyarnos","status":"publish","type":"page","link":"https:\/\/missionkidssf.org\/es\/apoya-a-nuestra-escuela\/compre-para-apoyarnos\/","title":{"rendered":"Compre para Apoyarnos"},"content":{"rendered":"\n<h3 class=\"wp-block-heading\"><strong>Apoye a nuestra escuela a trav\u00e9s de sus compras tanto en l\u00ednea como con comerciantes locales:<\/strong><\/h3>\n\n\n\n<div class=\"wp-block-columns is-layout-flex wp-container-core-columns-is-layout-9d6595d7 wp-block-columns-is-layout-flex\">\n<div class=\"wp-block-column is-layout-flow wp-block-column-is-layout-flow\">\n<p><strong><a href=\"https:\/\/rainbow.coop\/\" target=\"_blank\" rel=\"noreferrer noopener\">Rainbow Grocery Cooperative<\/a><\/strong><br>Rainbow donar\u00e1 el 10% de su compra a MK! Reg\u00edstrese en el mostrador de servicio al cliente.<\/p>\n<\/div>\n\n\n\n<div class=\"wp-block-column is-layout-flow wp-block-column-is-layout-flow\">\n<p><a href=\"https:\/\/shop.sportsbasement.com\/\"><strong>Sports Basement<\/strong><\/a><br>Sports Basement donar\u00e1 el 10% de su compra a Mission Kids a trav\u00e9s de su programa Basementeer<\/p>\n<\/div>\n\n\n\n<div class=\"wp-block-column is-layout-flow wp-block-column-is-layout-flow\">\n<p><a href=\"https:\/\/www.colehardware.com\/\" target=\"_blank\" rel=\"noreferrer noopener\"><strong>Cole Hardware<\/strong><\/a><br>Mencione Mission Kids cuando compre en Cole Hardware y una parte de las ganancias se destinar\u00e1 a nuestra escuela.<\/p>\n<\/div>\n<\/div>\n\n\n\n<div class=\"wp-block-columns is-layout-flex wp-container-core-columns-is-layout-9d6595d7 wp-block-columns-is-layout-flex\">\n<div class=\"wp-block-column is-layout-flow wp-block-column-is-layout-flow\">\n<p><a href=\"https:\/\/gussmarket.com\/\" target=\"_blank\" rel=\"noreferrer noopener\" title=\"Gus's Community Market\"><strong>Gus&#8217;s Community Market<\/strong><\/a> <\/p>\n\n\n\n<p>Gus&#8217;s donar\u00e1 el 6% de su compra a Mission Kids a trav\u00e9s de su programa de scrip. \u00a1Por favor, complete <a href=\"https:\/\/docs.google.com\/document\/d\/13AvQsu3KKtjHQArUWlhMS00rD5N5SjiR\/edit?usp=sharing&amp;ouid=108021892559794588734&amp;rtpof=true&amp;sd=true\">este formulario<\/a> y ll\u00e9velo al servicio de atenci\u00f3n al cliente para registrarse!<br><\/p>\n<\/div>\n\n\n\n<div class=\"wp-block-column is-layout-flow wp-block-column-is-layout-flow\">\n<p><a href=\"http:\/\/www.missionkids.labeldaddy.com\/\" target=\"_blank\" rel=\"noreferrer noopener\"><strong>Label Daddy<\/strong><\/a><br>Label Daddy, una empresa de etiquetas personalizadas, le dar\u00e1 a Mission Kids el 20% de cualquier pedido que se compre a trav\u00e9s del enlace de referencia de Label Daddy Mission Kids: \u00a0<a href=\"http:\/\/www.missionkids.labeldaddy.com\/\" target=\"_blank\" rel=\"noreferrer noopener\">www.missionkids.labeldaddy.com<\/a>\u00a0<br>c\u00f3digo escolar: missionkids.\u00a0<a href=\"https:\/\/docs.google.com\/viewer?a=v&amp;pid=sites&amp;srcid=ZGVmYXVsdGRvbWFpbnxtaXNzaW9ua2lkc2Nvb3B8Z3g6N2MwODgyNjVjZDc4MGY4NA\">Ver el folleto<\/a>.<\/p>\n<\/div>\n\n\n\n<div class=\"wp-block-column is-layout-flow wp-block-column-is-layout-flow\">\n<p><\/p>\n<\/div>\n<\/div>\n\n\n\n<p><strong><a href=\"https:\/\/www.escrip.com\/\" target=\"_blank\" rel=\"noreferrer noopener\">eScrip<\/a><\/strong><br>eScrip trabaja con Safeway y muchos otros comerciantes para contribuir a Mission Kids. El proceso de registro es un poco complicado. Sea paciente&#8230; una vez que haya registrado, ser\u00e1 una experiencia perfecta en la tienda.<\/p>\n\n\n\n<ol class=\"wp-block-list\">\n<li>Vaya a <a href=\"http:\/\/www.escrip.com\/\">www.escrip.com<\/a><\/li>\n\n\n\n<li>Haga clic en \u201cSign Up\u201d (Registrarse)<\/li>\n\n\n\n<li>Registre sus tarjetas de supermercado y sus tarjetas de cr\u00e9dito \/ d\u00e9bito existentes<\/li>\n\n\n\n<li>Visite <a href=\"http:\/\/www.groups.escrip.com\/\">www.groups.escrip.com<\/a><\/li>\n\n\n\n<li>Haga clic en \u201cGet started today\u201d (Comenzar hoy)<\/li>\n\n\n\n<li>Ingrese el N\u00daMERO de ID de Grupo 500030546<\/li>\n<\/ol>\n\n\n\n<p>Nota: Si se inscribi\u00f3 en eScrip el a\u00f1o pasado, le pedimos que <strong>renueve ahora <\/strong>para asegurarse de que sus d\u00f3lares de Safeway contin\u00faen contando para MK.&nbsp;<a href=\"https:\/\/www.google.com\/url?q=https%3A%2F%2Fsecure.escrip.com%2Fsupporter%2Fsla%2Findex.jsp%3Fapp%3Dsafeway-renewal%26src_page%3Dsafeway-renewal%26path%3Dhttp%3A%2F%2Fwww.escrip.com%2Fjsp%2Fsafeway-renewal.jsp&amp;sa=D&amp;sntz=1&amp;usg=AFrqEze_qNqB6Ksk3jYHn6kAS7QfYKJJig\" target=\"_blank\" rel=\"noreferrer noopener\">Haga clic aqu\u00ed para renovar<\/a>.<\/p>\n\n\n\n<h3 class=\"has-text-align-center wp-block-heading\">\u00a1Gracias por apoyar a Mission Kids!<\/h3>\n","protected":false},"excerpt":{"rendered":"<p>Apoye a nuestra escuela a trav\u00e9s de sus compras tanto en l\u00ednea como con comerciantes locales: Rainbow Grocery CooperativeRainbow donar\u00e1 el 10% de su compra a MK! Reg\u00edstrese en el mostrador de servicio al cliente. &#8230;<\/p>\n","protected":false},"author":1,"featured_media":1555,"parent":628,"menu_order":0,"comment_status":"closed","ping_status":"closed","template":"","meta":{"_acf_changed":false,"footnotes":""},"class_list":["post-637","page","type-page","status-publish","has-post-thumbnail","hentry"],"acf":[],"aioseo_notices":[],"_links":{"self":[{"href":"https:\/\/missionkidssf.org\/es\/wp-json\/wp\/v2\/pages\/637","targetHints":{"allow":["GET"]}}],"collection":[{"href":"https:\/\/missionkidssf.org\/es\/wp-json\/wp\/v2\/pages"}],"about":[{"href":"https:\/\/missionkidssf.org\/es\/wp-json\/wp\/v2\/types\/page"}],"author":[{"embeddable":true,"href":"https:\/\/missionkidssf.org\/es\/wp-json\/wp\/v2\/users\/1"}],"replies":[{"embeddable":true,"href":"https:\/\/missionkidssf.org\/es\/wp-json\/wp\/v2\/comments?post=637"}],"version-history":[{"count":11,"href":"https:\/\/missionkidssf.org\/es\/wp-json\/wp\/v2\/pages\/637\/revisions"}],"predecessor-version":[{"id":2717,"href":"https:\/\/missionkidssf.org\/es\/wp-json\/wp\/v2\/pages\/637\/revisions\/2717"}],"up":[{"embeddable":true,"href":"https:\/\/missionkidssf.org\/es\/wp-json\/wp\/v2\/pages\/628"}],"wp:featuredmedia":[{"embeddable":true,"href":"https:\/\/missionkidssf.org\/es\/wp-json\/wp\/v2\/media\/1555"}],"wp:attachment":[{"href":"https:\/\/missionkidssf.org\/es\/wp-json\/wp\/v2\/media?parent=637"}],"curies":[{"name":"wp","href":"https:\/\/api.w.org\/{rel}","templated":true}]}}